{"id":67,"date":"2020-09-20T17:36:55","date_gmt":"2020-09-20T17:36:55","guid":{"rendered":"http:\/\/sp11bedzin.edu.pl\/?page_id=67"},"modified":"2023-09-29T13:10:42","modified_gmt":"2023-09-29T13:10:42","slug":"swietlica","status":"publish","type":"page","link":"https:\/\/www.sp11bedzin.edu.pl\/index.php\/swietlica\/","title":{"rendered":"\u015awietlica"},"content":{"rendered":"\t\t<div data-elementor-type=\"wp-page\" data-elementor-id=\"67\" class=\"elementor elementor-67\">\n\t\t\t\t\t\t<section class=\"elementor-section elementor-top-section elementor-element elementor-element-0c4d8c5 elementor-section-boxed elementor-section-height-default elementor-section-height-default\" data-id=\"0c4d8c5\" data-element_type=\"section\" data-e-type=\"section\">\n\t\t\t\t\t\t<div class=\"elementor-container elementor-column-gap-default\">\n\t\t\t\t\t<div class=\"elementor-column elementor-col-100 elementor-top-column elementor-element elementor-element-28454bc\" data-id=\"28454bc\" data-element_type=\"column\" data-e-type=\"column\">\n\t\t\t<div class=\"elementor-widget-wrap elementor-element-populated\">\n\t\t\t\t\t\t<div class=\"elementor-element elementor-element-4cfb6d1 elementor-tabs-view-vertical elementor-widget elementor-widget-tabs\" data-id=\"4cfb6d1\" data-element_type=\"widget\" data-e-type=\"widget\" data-widget_type=\"tabs.default\">\n\t\t\t\t<div class=\"elementor-widget-container\">\n\t\t\t\t\t\t\t<div class=\"elementor-tabs\">\n\t\t\t<div class=\"elementor-tabs-wrapper\" role=\"tablist\" >\n\t\t\t\t\t\t\t\t\t<div id=\"elementor-tab-title-8071\" class=\"elementor-tab-title elementor-tab-desktop-title\" aria-selected=\"true\" data-tab=\"1\" role=\"tab\" tabindex=\"0\" aria-controls=\"elementor-tab-content-8071\" aria-expanded=\"false\">O \u015bwietlicy<\/div>\n\t\t\t\t\t\t\t\t\t<div id=\"elementor-tab-title-8072\" class=\"elementor-tab-title elementor-tab-desktop-title\" aria-selected=\"false\" data-tab=\"2\" role=\"tab\" tabindex=\"-1\" aria-controls=\"elementor-tab-content-8072\" aria-expanded=\"false\">Godziny pracy<\/div>\n\t\t\t\t\t\t\t\t\t<div id=\"elementor-tab-title-8073\" class=\"elementor-tab-title elementor-tab-desktop-title\" aria-selected=\"false\" data-tab=\"3\" role=\"tab\" tabindex=\"-1\" aria-controls=\"elementor-tab-content-8073\" aria-expanded=\"false\">Kodeks przeciw agresji i przemocy w naszej \u015bwietlicy<\/div>\n\t\t\t\t\t\t\t\t\t<div id=\"elementor-tab-title-8074\" class=\"elementor-tab-title elementor-tab-desktop-title\" aria-selected=\"false\" data-tab=\"4\" role=\"tab\" tabindex=\"-1\" aria-controls=\"elementor-tab-content-8074\" aria-expanded=\"false\">KARTA ZG\u0141OSZENIA<\/div>\n\t\t\t\t\t\t\t<\/div>\n\t\t\t<div class=\"elementor-tabs-content-wrapper\" role=\"tablist\" aria-orientation=\"vertical\">\n\t\t\t\t\t\t\t\t\t<div class=\"elementor-tab-title elementor-tab-mobile-title\" aria-selected=\"true\" data-tab=\"1\" role=\"tab\" tabindex=\"0\" aria-controls=\"elementor-tab-content-8071\" aria-expanded=\"false\">O \u015bwietlicy<\/div>\n\t\t\t\t\t<div id=\"elementor-tab-content-8071\" class=\"elementor-tab-content elementor-clearfix\" data-tab=\"1\" role=\"tabpanel\" aria-labelledby=\"elementor-tab-title-8071\" tabindex=\"0\" hidden=\"false\"><p><img fetchpriority=\"high\" decoding=\"async\" class=\"alignnone wp-image-3145 size-full\" src=\"https:\/\/www.sp11bedzin.edu.pl\/wp-content\/uploads\/2021\/04\/baner-scaled.jpg\" alt=\"\" width=\"2560\" height=\"431\" srcset=\"https:\/\/www.sp11bedzin.edu.pl\/wp-content\/uploads\/2021\/04\/baner-scaled.jpg 2560w, https:\/\/www.sp11bedzin.edu.pl\/wp-content\/uploads\/2021\/04\/baner-300x50.jpg 300w, https:\/\/www.sp11bedzin.edu.pl\/wp-content\/uploads\/2021\/04\/baner-1024x172.jpg 1024w, https:\/\/www.sp11bedzin.edu.pl\/wp-content\/uploads\/2021\/04\/baner-768x129.jpg 768w, https:\/\/www.sp11bedzin.edu.pl\/wp-content\/uploads\/2021\/04\/baner-1536x258.jpg 1536w, https:\/\/www.sp11bedzin.edu.pl\/wp-content\/uploads\/2021\/04\/baner-2048x345.jpg 2048w\" sizes=\"(max-width: 2560px) 100vw, 2560px\" \/><\/p><p><span style=\"color: #000000;\">\u015awietlica szkolna jest plac\u00f3wk\u0105 wychowania pozalekcyjnego, przeznaczon\u0105 dla dzieci ze Szko\u0142y Podstawowej nr 11 w B\u0119dzinie. G\u0142\u00f3wnym zadaniem \u015bwietlicy jest organizacja czasu wolnego uczni\u00f3w pozostaj\u0105cych na terenie szko\u0142y przed lub po zako\u0144czonych zaj\u0119ciach lekcyjnych, zapewnienie opieki wychowawczej, rozwijanie zainteresowa\u0144 i uzdolnie\u0144 wychowank\u00f3w. Podopieczni uczestnicz\u0105 w zaj\u0119ciach zorganizowanych przez wychowawc\u00f3w, mog\u0105 odrobi\u0107 lekcje, integrowa\u0107 si\u0119 z r\u00f3wie\u015bnikami. Zaj\u0119cia \u015bwietlicowe maj\u0105 zapewni\u0107 dzieciom czas w spos\u00f3b interesuj\u0105cy. Poprzez ich organizacj\u0119 pracy pragniemy osi\u0105gn\u0105\u0107 okre\u015blone zmiany w zainteresowaniach, postawie i codziennych nawykach wychowank\u00f3w.<\/span><\/p><p><span style=\"color: #000000;\">Zaj\u0119cia \u015bwietlicowe s\u0105 wa\u017cnym \u0142\u0105cznikiem mi\u0119dzy dzia\u0142aniami rodziny i szko\u0142y w wychowaniu dziecka. Celem g\u0142\u00f3wnym naszej \u015bwietlicy jest zapewnienie uczniom zorganizowanej opieki wychowawczej umo\u017cliwiaj\u0105cej wszechstronny rozw\u00f3j osobowo\u015bci poprzez rozbudzanie zainteresowa\u0144, uzdolnie\u0144 i umiej\u0119tno\u015bci z uwzgl\u0119dnieniem misji szko\u0142y.<\/span><\/p><\/div>\n\t\t\t\t\t\t\t\t\t<div class=\"elementor-tab-title elementor-tab-mobile-title\" aria-selected=\"false\" data-tab=\"2\" role=\"tab\" tabindex=\"-1\" aria-controls=\"elementor-tab-content-8072\" aria-expanded=\"false\">Godziny pracy<\/div>\n\t\t\t\t\t<div id=\"elementor-tab-content-8072\" class=\"elementor-tab-content elementor-clearfix\" data-tab=\"2\" role=\"tabpanel\" aria-labelledby=\"elementor-tab-title-8072\" tabindex=\"0\" hidden=\"hidden\"><h3 style=\"text-align: center;\"><img decoding=\"async\" class=\"alignnone size-full wp-image-3135\" src=\"https:\/\/www.sp11bedzin.edu.pl\/wp-content\/uploads\/2021\/04\/swietl.jpg\" alt=\"\" width=\"301\" height=\"220\" \/><\/h3><h3 style=\"text-align: center;\"><span style=\"color: #339966;\"><strong>Od poniedzia\u0142ku do pi\u0105tku w godzinach od:<\/strong><\/span><\/h3><h3 style=\"text-align: center;\"><span style=\"color: #339966;\"><strong>\u00a07<sup>00 <\/sup>do 17<sup>00<\/sup><\/strong><\/span><\/h3><\/div>\n\t\t\t\t\t\t\t\t\t<div class=\"elementor-tab-title elementor-tab-mobile-title\" aria-selected=\"false\" data-tab=\"3\" role=\"tab\" tabindex=\"-1\" aria-controls=\"elementor-tab-content-8073\" aria-expanded=\"false\">Kodeks przeciw agresji i przemocy w naszej \u015bwietlicy<\/div>\n\t\t\t\t\t<div id=\"elementor-tab-content-8073\" class=\"elementor-tab-content elementor-clearfix\" data-tab=\"3\" role=\"tabpanel\" aria-labelledby=\"elementor-tab-title-8073\" tabindex=\"0\" hidden=\"hidden\"><p><img decoding=\"async\" class=\"size-full wp-image-3137 aligncenter\" src=\"https:\/\/www.sp11bedzin.edu.pl\/wp-content\/uploads\/2021\/04\/stop4.jpg\" alt=\"\" width=\"254\" height=\"199\" \/><\/p><h3 style=\"text-align: center;\"><span style=\"color: #000000;\"><strong><u>Kodeks przeciw agresji i przemocy w naszej \u015bwietlicy<\/u><\/strong><\/span><\/h3><ul><li><span style=\"color: #ff0000;\"><strong><em>Nie stosujemy przemocy s\u0142ownej \/nie krzywdzimy, nie obra\u017camy s\u0142owem:<\/em><\/strong><\/span><\/li><\/ul><p><span style=\"color: #000000;\">\u2013 nie przezywamy<\/span><\/p><p><span style=\"color: #000000;\">\u2013 nie wy\u015bmiewamy<\/span><\/p><p><span style=\"color: #000000;\">\u2013 nie grozimy<\/span><\/p><p><span style=\"color: #000000;\">\u2013 nie o\u015bmieszamy<\/span><\/p><p><span style=\"color: #000000;\">\u2013 nie plotkujemy<\/span><\/p><p><span style=\"color: #000000;\">\u2013 nie szanta\u017cujemy<\/span><\/p><p><span style=\"color: #000000;\">\u2013 nie namawiamy si\u0119<\/span><\/p><ul><li><span style=\"color: #ff0000;\"><strong><em>Nie stosujemy przemocy fizycznej \/si\u0142y wobec innych:<\/em><\/strong><\/span><\/li><\/ul><p><span style=\"color: #000000;\">\u2013 nie bijemy<\/span><\/p><p><span style=\"color: #000000;\">\u2013 nie popychamy<\/span><\/p><p><span style=\"color: #000000;\">\u2013 nie podcinamy<\/span><\/p><p><span style=\"color: #000000;\">\u2013 nie wymuszamy pieni\u0119dzy<\/span><\/p><p><span style=\"color: #000000;\">\u2013 nie kopiemy<\/span><\/p><p><span style=\"color: #000000;\">\u2013 nie zamykamy w pomieszczeniach<\/span><\/p><p><span style=\"color: #000000;\">\u2013 nie plujemy<\/span><\/p><ul><li><span style=\"color: #ff0000;\"><strong><em>Nie sprawiamy przykro\u015bci innym:<\/em><\/strong><\/span><\/li><\/ul><p><span style=\"color: #000000;\">\u2013 nikogo nie wykluczamy<\/span><\/p><p><span style=\"color: #000000;\">\u2013 nie odsuwamy od grupy<\/span><\/p><p><span style=\"color: #000000;\">\u2013 od wsp\u00f3lnej zabawy i pracy \/nie izolujemy\/<\/span><\/p><p><span style=\"color: #000000;\">\u2013 nie u\u017cywamy wrogich gest\u00f3w i min<\/span><\/p><ul><li><span style=\"color: #ff0000;\"><strong><em>Szanujemy wsp\u00f3ln\u0105, cudz\u0105 i swoj\u0105 w\u0142asno\u015b\u0107:<\/em><\/strong><\/span><\/li><\/ul><p><span style=\"color: #000000;\">\u2013 nie niszczymy<\/span><\/p><p><span style=\"color: #000000;\">\u2013 nie zabieramy<\/span><\/p><p><span style=\"color: #000000;\">\u2013 nie chowamy<\/span><\/p><ul><li><span style=\"color: #ff0000;\"><strong><em>Jeste\u015bmy dla siebie \u017cyczliwi i kole\u017ce\u0144scy:<\/em><\/strong><\/span><\/li><\/ul><p><span style=\"color: #000000;\">\u2013 pracujemy i bawimy si\u0119 razem<\/span><\/p><p><span style=\"color: #000000;\">\u2013 nie jeste\u015bmy oboj\u0119tni na krzywd\u0119 koleg\u00f3w i kole\u017canek<\/span><\/p><p><span style=\"color: #000000;\">\u2013 reagujemy na agresywne zachowanie innych<\/span><\/p><p><span style=\"color: #000000;\">\u2013 bronimy pokrzywdzonych<\/span><\/p><p><span style=\"color: #000000;\">\u2013 pomagamy ka\u017cdemu, kto tego potrzebuje<\/span><\/p><p><span style=\"color: #000000;\">\u2013 konflikty rozwi\u0105zujemy przez rozmow\u0119 a nie przez agresj\u0119 i przemoc<\/span><\/p><p><span style=\"color: #000000;\">\u2013 informujemy doros\u0142ych: wychowawc\u00f3w, nauczycieli, rodzic\u00f3w o ka\u017cdej zaistnia\u0142ej sytuacji przemocy i agresji jak\u0105 zauwa\u017cyli\u015bmy.<\/span><\/p><p>\u00a0<\/p><\/div>\n\t\t\t\t\t\t\t\t\t<div class=\"elementor-tab-title elementor-tab-mobile-title\" aria-selected=\"false\" data-tab=\"4\" role=\"tab\" tabindex=\"-1\" aria-controls=\"elementor-tab-content-8074\" aria-expanded=\"false\">KARTA ZG\u0141OSZENIA<\/div>\n\t\t\t\t\t<div id=\"elementor-tab-content-8074\" class=\"elementor-tab-content elementor-clearfix\" data-tab=\"4\" role=\"tabpanel\" aria-labelledby=\"elementor-tab-title-8074\" tabindex=\"0\" hidden=\"hidden\"><h1><a href=\"https:\/\/www.sp11bedzin.edu.pl\/wp-content\/uploads\/2021\/09\/KARTA-ZGLOSZENIA-UCZNIA.docx\">KARTA ZG\u0141OSZENIA UCZNIA (pobierz)<\/a><\/h1><\/div>\n\t\t\t\t\t\t\t<\/div>\n\t\t<\/div>\n\t\t\t\t\t\t<\/div>\n\t\t\t\t<\/div>\n\t\t\t\t\t<\/div>\n\t\t<\/div>\n\t\t\t\t\t<\/div>\n\t\t<\/section>\n\t\t\t\t<\/div>\n\t\t","protected":false},"excerpt":{"rendered":"<p>O \u015bwietlicy Godziny pracy Kodeks przeciw agresji i przemocy w naszej \u015bwietlicy KARTA ZG\u0141OSZENIA O \u015bwietlicy \u015awietlica szkolna jest plac\u00f3wk\u0105 wychowania pozalekcyjnego, przeznaczon\u0105 dla dzieci ze Szko\u0142y Podstawowej nr 11 w B\u0119dzinie. G\u0142\u00f3wnym zadaniem \u015bwietlicy jest organizacja czasu wolnego uczni\u00f3w pozostaj\u0105cych na terenie szko\u0142y przed lub po zako\u0144czonych zaj\u0119ciach lekcyjnych, zapewnienie opieki wychowawczej, rozwijanie zainteresowa\u0144&hellip;<\/p>\n","protected":false},"author":1,"featured_media":0,"parent":0,"menu_order":0,"comment_status":"closed","ping_status":"closed","template":"","meta":{"footnotes":""},"class_list":["post-67","page","type-page","status-publish","hentry"],"_links":{"self":[{"href":"https:\/\/www.sp11bedzin.edu.pl\/index.php\/wp-json\/wp\/v2\/pages\/67","targetHints":{"allow":["GET"]}}],"collection":[{"href":"https:\/\/www.sp11bedzin.edu.pl\/index.php\/wp-json\/wp\/v2\/pages"}],"about":[{"href":"https:\/\/www.sp11bedzin.edu.pl\/index.php\/wp-json\/wp\/v2\/types\/page"}],"author":[{"embeddable":true,"href":"https:\/\/www.sp11bedzin.edu.pl\/index.php\/wp-json\/wp\/v2\/users\/1"}],"replies":[{"embeddable":true,"href":"https:\/\/www.sp11bedzin.edu.pl\/index.php\/wp-json\/wp\/v2\/comments?post=67"}],"version-history":[{"count":64,"href":"https:\/\/www.sp11bedzin.edu.pl\/index.php\/wp-json\/wp\/v2\/pages\/67\/revisions"}],"predecessor-version":[{"id":12364,"href":"https:\/\/www.sp11bedzin.edu.pl\/index.php\/wp-json\/wp\/v2\/pages\/67\/revisions\/12364"}],"wp:attachment":[{"href":"https:\/\/www.sp11bedzin.edu.pl\/index.php\/wp-json\/wp\/v2\/media?parent=67"}],"curies":[{"name":"wp","href":"https:\/\/api.w.org\/{rel}","templated":true}]}}