{"id":5976,"date":"2022-02-01T19:02:57","date_gmt":"2022-02-01T19:02:57","guid":{"rendered":"https:\/\/www.sp11bedzin.edu.pl\/?page_id=5976"},"modified":"2026-03-12T20:34:35","modified_gmt":"2026-03-12T20:34:35","slug":"rzecznik-praw-ucznia","status":"publish","type":"page","link":"https:\/\/www.sp11bedzin.edu.pl\/index.php\/rzecznik-praw-ucznia\/","title":{"rendered":"Rzecznik Praw Ucznia"},"content":{"rendered":"\t\t<div data-elementor-type=\"wp-page\" data-elementor-id=\"5976\" class=\"elementor elementor-5976\">\n\t\t\t\t\t\t<section class=\"elementor-section elementor-top-section elementor-element elementor-element-4aa074f elementor-section-boxed elementor-section-height-default elementor-section-height-default\" data-id=\"4aa074f\" data-element_type=\"section\" data-e-type=\"section\">\n\t\t\t\t\t\t<div class=\"elementor-container elementor-column-gap-default\">\n\t\t\t\t\t<div class=\"elementor-column elementor-col-100 elementor-top-column elementor-element elementor-element-40974de\" data-id=\"40974de\" data-element_type=\"column\" data-e-type=\"column\">\n\t\t\t<div class=\"elementor-widget-wrap elementor-element-populated\">\n\t\t\t\t\t\t<div class=\"elementor-element elementor-element-4f6f05b elementor-widget elementor-widget-image\" data-id=\"4f6f05b\" data-element_type=\"widget\" data-e-type=\"widget\" data-widget_type=\"image.default\">\n\t\t\t\t<div class=\"elementor-widget-container\">\n\t\t\t\t\t\t\t\t\t\t\t\t\t\t\t<img fetchpriority=\"high\" decoding=\"async\" width=\"1024\" height=\"416\" src=\"https:\/\/www.sp11bedzin.edu.pl\/wp-content\/uploads\/2022\/02\/rzecznik2-1024x416.jpg\" class=\"attachment-large size-large wp-image-6037\" alt=\"\" srcset=\"https:\/\/www.sp11bedzin.edu.pl\/wp-content\/uploads\/2022\/02\/rzecznik2-1024x416.jpg 1024w, https:\/\/www.sp11bedzin.edu.pl\/wp-content\/uploads\/2022\/02\/rzecznik2-300x122.jpg 300w, https:\/\/www.sp11bedzin.edu.pl\/wp-content\/uploads\/2022\/02\/rzecznik2-768x312.jpg 768w, https:\/\/www.sp11bedzin.edu.pl\/wp-content\/uploads\/2022\/02\/rzecznik2-1536x624.jpg 1536w, https:\/\/www.sp11bedzin.edu.pl\/wp-content\/uploads\/2022\/02\/rzecznik2-2048x833.jpg 2048w\" sizes=\"(max-width: 1024px) 100vw, 1024px\" \/>\t\t\t\t\t\t\t\t\t\t\t\t\t\t\t<\/div>\n\t\t\t\t<\/div>\n\t\t\t\t<div class=\"elementor-element elementor-element-8551a01 elementor-widget elementor-widget-text-editor\" data-id=\"8551a01\" data-element_type=\"widget\" data-e-type=\"widget\" data-widget_type=\"text-editor.default\">\n\t\t\t\t<div class=\"elementor-widget-container\">\n\t\t\t\t\t\t\t\t\t<p><span style=\"color: #000000;\"><strong>Kim jest Rzecznik Praw Ucznia:<\/strong><\/span><\/p><ul><li><span style=\"color: #000000;\">to nauczyciel obdarzony zaufaniem i\u00a0wybrany przez spo\u0142eczno\u015b\u0107 uczniowsk\u0105,<\/span><\/li><li><span style=\"color: #000000;\">to osoba, do kt\u00f3rej mo\u017cesz si\u0119 zwr\u00f3ci\u0107 w\u00a0ka\u017cdej problematycznej sprawie i\u00a0poprosi\u0107 o\u00a0pomoc,<\/span><\/li><li><span style=\"color: #000000;\">udost\u0119pni Ci regulaminy szkolne, pomo\u017ce je zinterpretowa\u0107,<\/span><\/li><li><span style=\"color: #000000;\">jest mediatorem w\u00a0sytuacjach spornych, trudnych i\u00a0nietypowych,<\/span><\/li><li><strong><span style=\"color: #000000;\">zachowuje dyskrecj\u0119!<\/span><\/strong><\/li><\/ul><h2 style=\"text-align: center;\"><span style=\"text-decoration: underline;\"><strong><span style=\"color: #ff0000; text-decoration: underline;\">Rzecznikiem Praw Ucznia w naszej szkole zosta\u0142a wybrana<br \/>Pani Agnieszka K\u0142osonoga-\u0141\u00f3j<\/span><\/strong><\/span><\/h2><p>\u00a0<\/p><p><span style=\"color: #000000;\"><strong>Zadania i\u00a0rola Rzecznika Praw Ucznia w\u00a0szkole:<\/strong><\/span><\/p><ul><li><span style=\"color: #000000;\">pomoc ca\u0142ej spo\u0142eczno\u015bci uczniowskiej w\u00a0rozwi\u0105zywaniu problem\u00f3w i\u00a0wyja\u015bnianiu wszelkich niejasno\u015bci dotycz\u0105cych dokument\u00f3w (w tym regulamin\u00f3w) obowi\u0105zuj\u0105cych w szkole,<\/span><\/li><li><span style=\"color: #000000;\">reprezentowanie interes\u00f3w uczni\u00f3w przed Dyrekcj\u0105 oraz Rad\u0105 Pedagogiczn\u0105,<\/span><\/li><li><span style=\"color: #000000;\">\u015bwiadczenie pomocy uczniom (jak korzysta\u0107 z\u00a0praw i\u00a0szanowa\u0107 prawa innych).<\/span><\/li><\/ul><p><span style=\"color: #000000;\"><strong>W jakich sytuacjach nale\u017cy zwr\u00f3ci\u0107 si\u0119 do Rzecznika Praw Ucznia?<\/strong><\/span><\/p><ul><li><span style=\"color: #000000;\">dzia\u0142ania Rzecznika zmierzaj\u0105 do ochrony dziecka przed przemoc\u0105, okrucie\u0144stwem, wyzyskiem, demoralizacj\u0105, zaniedbaniem oraz innym z\u0142ym traktowaniem.<\/span><\/li><li><span style=\"color: #000000;\">ucze\u0144 mo\u017ce zwr\u00f3ci\u0107 si\u0119 do niego w\u00a0celu uzyskania porady b\u0105d\u017a wyja\u015bnienia, a\u00a0tak\u017ce z\u00a0pro\u015bb\u0105 o\u00a0pomoc w\u00a0prawach problematycznych, spornych i\u00a0nietypowych.<\/span><\/li><li><span style=\"color: #000000;\">Rzecznik mo\u017ce interweniowa\u0107 nie tylko w\u00a0przypadku indywidualnego dziecka, ale tak\u017ce ca\u0142ego zespo\u0142u \u2014 grupy uczni\u00f3w, nawet ca\u0142ej klasy.<\/span><\/li><li><span style=\"color: #000000;\"><span style=\"color: #ff0000;\"><strong><u>je\u015bli w\u00a0szkole zosta\u0142o naruszone prawo ucznia:<\/u><\/strong> <\/span>ucze\u0144 otrzyma\u0142 np. kar\u0119 niewsp\u00f3\u0142miern\u0105 do zachowania; jest traktowany gorzej ni\u017c inni; niesprawiedliwie lub w\u00a0spos\u00f3b poni\u017caj\u0105cy czy lekcewa\u017c\u0105cy, je\u015bli czuje si\u0119 zagro\u017cony ze strony swoich koleg\u00f3w &#8211; mo\u017ce zg\u0142osi\u0107 si\u0119 do Rzecznika.<\/span><\/li><\/ul><p><span style=\"color: #000000;\"><strong>Uprawnienia Rzecznika:<\/strong><\/span><\/p><ul><li><span style=\"color: #000000;\">Rzecznik Praw Ucznia nie zast\u0119puje wychowawcy klasy!<\/span><\/li><li><span style=\"color: #000000;\">Rzecznik ma prawo do swobodnego dzia\u0142ania w\u00a0ramach obowi\u0105zuj\u0105cych regulamin\u00f3w.<\/span><\/li><li><span style=\"color: #000000;\">Rzecznik dzia\u0142a wed\u0142ug ustalonego trybu post\u0119powania.<\/span><\/li><li><span style=\"color: #000000;\">Rzecznik podejmuje dzia\u0142ania na wniosek stron.<\/span><\/li><\/ul><p><span style=\"color: #000000;\"><strong>Sposoby dzia\u0142ania Rzecznika:<\/strong><\/span><\/p><ul><li><span style=\"color: #000000;\">za\u0142atwianie indywidualnych skarg,<\/span><\/li><li><span style=\"color: #000000;\">udzielanie porad uczniom, rodzicom, nauczycielom,<\/span><\/li><li><span style=\"color: #000000;\">wsp\u00f3\u0142praca z\u00a0pedagogiem szkolnym i\u00a0psychologiem szkolnym,<\/span><\/li><li><span style=\"color: #000000;\">wsp\u00f3lne wypracowywanie w\u0142a\u015bciwych rozwi\u0105za\u0144 z\u00a0Dyrekcj\u0105 szko\u0142y i\u00a0Rad\u0105 Pedagogiczn\u0105<\/span><\/li><\/ul><p><span style=\"color: #000000;\"><strong>Tryb post\u0119powania Rzecznika w kwestiach spornych ucze\u0144-ucze\u0144:<\/strong><\/span><\/p><ol><li><span style=\"color: #000000;\">zapoznanie sie\u0328 z opinia\u0328 stron konfliktu,<\/span><\/li><li><span style=\"color: #000000;\">podje\u0328cie mediacji ze stronami we wspo\u0301\u0142pracy z wychowawca\u0328 klasy,<\/span><\/li><li><span style=\"color: #000000;\">w\u0142a\u0328czenie pedagoga szkolnego w spraw\u0119\u0328 w razie nie rozstrzygni\u0119cia sporu,<\/span><\/li><li><span style=\"color: #000000;\">w dalszym trybie poste\u0328powania &#8211; zasie\u0328gnie\u0328cie opinii Rady Pedagogicznej,<\/span><\/li><li><span style=\"color: #000000;\">ostateczna\u0328 decyzje\u0328 o sposobie rozwia\u0328zywania konfliktu podejmuje Dyrektor (w przypadku drastycznych konflikto\u0301w: bo\u0301jki, zastraszenia, \u0142amanie prawa, przeniesienia ucznia do innej klasy, szko\u0142y).<\/span><\/li><\/ol><p><span style=\"color: #000000;\"><strong>Tryb post\u0119powania Rzecznika w kwestiach spornych ucze\u0144-nauczyciel:<\/strong><\/span><\/p><ol><li><span style=\"color: #000000;\">zapoznanie sie\u0328 z opinia\u0328 stron konfliktu,<\/span><\/li><li><span style=\"color: #000000;\">podje\u0328cie mediacji ze stronami,<\/span><\/li><li><span style=\"color: #000000;\">zasie\u0328gnie\u0328cie opinii pedagoga szkolnego,<\/span><\/li><li><span style=\"color: #000000;\">wysta\u0328pienie do Dyrektora szko\u0142y o podje\u0328cie decyzji w sprawie, w przypadku nie rozstrzygnie\u0328cia sporu.<\/span><\/li><\/ol><p><span style=\"color: #000000;\"><strong>Jak skontaktowa\u0107 si\u0119 z rzecznikiem:<\/strong><\/span><\/p><ul><li><span style=\"color: #000000;\">najlepiej spotka\u0107 si\u0119 z\u00a0nim osobi\u015bcie, bo w\u00a0bezpo\u015bredniej rozmowie naj\u0142atwiej jest wszystko wyja\u015bni\u0107. Mo\u017cna to zrobi\u0107 nawet na przerwie i\u00a0wtedy um\u00f3wi\u0107 si\u0119 na spokojn\u0105 rozmow\u0119 w\u00a0dogodnym dla obu stron czasie.<\/span><\/li><li><span style=\"color: #000000;\">mo\u017cna skontaktowa\u0107 si\u0119 w formie elektronicznej &#8211; za pomoc\u0105 platformy MS TEAMS.<\/span><\/li><\/ul><p><span style=\"color: #000000;\"><strong>O czym jeszcze ucze\u0144 powinien wiedzie\u0107?<\/strong><\/span><\/p><ul><li><span style=\"color: #000000;\">wszystkie informacje uzyskane przez Rzecznika stanowi\u0105 tajemnic\u0119 s\u0142u\u017cbow\u0105,<\/span><\/li><li><span style=\"color: #000000;\">podstaw\u0105 dzia\u0142ania Rzecznika Praw Ucznia jest Statut Szko\u0142y, a\u00a0w\u00a0uzasadnionych przypadkach Konwencja Praw Dziecka.<br \/><\/span><\/li><\/ul><h2 style=\"text-align: center;\"><span style=\"text-decoration: underline; color: #ff0000;\"><strong>Wa\u017cne telefony<\/strong><\/span><\/h2><p><span style=\"color: #000000;\"><strong><span style=\"color: #ff0000;\">800\u00a0080\u00a0222<\/span>\u00a0<\/strong>\u2013 ca\u0142odobowa bezp\u0142atna infolinia dla dzieci i m\u0142odzie\u017cy, rodzic\u00f3w i pedagog\u00f3w <strong>Fundacja \u201eItaka\u201d<\/strong><\/span><\/p><p><span style=\"color: #000000;\"><strong><span style=\"color: #ff0000;\">116\u00a0111<\/span><\/strong>\u00a0\u2013\u00a0bezp\u0142atny telefon zaufania dla dzieci i m\u0142odzie\u017cy <strong>\u201eFundacji Dzieci Niczyje\u201d<\/strong>\u00a0czynny codziennie w godzinach od 12.00 do 2.00<\/span><\/p><p><span style=\"color: #000000;\"><strong><span style=\"color: #ff0000;\">800 12 12 12<\/span>\u00a0<\/strong>\u2013\u00a0<strong>Dzieci\u0119cy Telefon Zaufania Rzecznika Praw Dziecka<\/strong>\u00a0czynny od poniedzia\u0142ku do pi\u0105tku w godzinach od 8.15 do 20.00. Mo\u017cna dzwoni\u0107 po godzinie 20.00 lub w dni wolne od pracy, zg\u0142osi\u0107 problem i pozostawi\u0107 sw\u00f3j numer kontaktowy, aby pracownik telefonu zaufania oddzwoni\u0142.<\/span><\/p><p><span style=\"color: #000000;\"><strong><span style=\"color: #ff0000;\">600 070\u00a0717<\/span>\u00a0<\/strong>\u2013\u00a0<strong>Telefon Zaufania dla Os\u00f3b do\u015bwiadczaj\u0105cych przemocy\u00a0<\/strong><\/span><\/p>\t\t\t\t\t\t\t\t<\/div>\n\t\t\t\t<\/div>\n\t\t\t\t\t<\/div>\n\t\t<\/div>\n\t\t\t\t\t<\/div>\n\t\t<\/section>\n\t\t\t\t<section class=\"elementor-section elementor-top-section elementor-element elementor-element-9a4eb0e elementor-section-boxed elementor-section-height-default elementor-section-height-default\" data-id=\"9a4eb0e\" data-element_type=\"section\" data-e-type=\"section\">\n\t\t\t\t\t\t<div class=\"elementor-container elementor-column-gap-default\">\n\t\t\t\t\t<div class=\"elementor-column elementor-col-100 elementor-top-column elementor-element elementor-element-22596dc\" data-id=\"22596dc\" data-element_type=\"column\" data-e-type=\"column\">\n\t\t\t<div class=\"elementor-widget-wrap\">\n\t\t\t\t\t\t\t<\/div>\n\t\t<\/div>\n\t\t\t\t\t<\/div>\n\t\t<\/section>\n\t\t\t\t<\/div>\n\t\t","protected":false},"excerpt":{"rendered":"<p>Kim jest Rzecznik Praw Ucznia: to nauczyciel obdarzony zaufaniem i\u00a0wybrany przez spo\u0142eczno\u015b\u0107 uczniowsk\u0105, to osoba, do kt\u00f3rej mo\u017cesz si\u0119 zwr\u00f3ci\u0107 w\u00a0ka\u017cdej problematycznej sprawie i\u00a0poprosi\u0107 o\u00a0pomoc, udost\u0119pni Ci regulaminy szkolne, pomo\u017ce je zinterpretowa\u0107, jest mediatorem w\u00a0sytuacjach spornych, trudnych i\u00a0nietypowych, zachowuje dyskrecj\u0119! Rzecznikiem Praw Ucznia w naszej szkole zosta\u0142a wybranaPani Agnieszka K\u0142osonoga-\u0141\u00f3j \u00a0 Zadania i\u00a0rola Rzecznika Praw&hellip;<\/p>\n","protected":false},"author":1,"featured_media":0,"parent":0,"menu_order":0,"comment_status":"closed","ping_status":"closed","template":"","meta":{"footnotes":""},"class_list":["post-5976","page","type-page","status-publish","hentry"],"_links":{"self":[{"href":"https:\/\/www.sp11bedzin.edu.pl\/index.php\/wp-json\/wp\/v2\/pages\/5976","targetHints":{"allow":["GET"]}}],"collection":[{"href":"https:\/\/www.sp11bedzin.edu.pl\/index.php\/wp-json\/wp\/v2\/pages"}],"about":[{"href":"https:\/\/www.sp11bedzin.edu.pl\/index.php\/wp-json\/wp\/v2\/types\/page"}],"author":[{"embeddable":true,"href":"https:\/\/www.sp11bedzin.edu.pl\/index.php\/wp-json\/wp\/v2\/users\/1"}],"replies":[{"embeddable":true,"href":"https:\/\/www.sp11bedzin.edu.pl\/index.php\/wp-json\/wp\/v2\/comments?post=5976"}],"version-history":[{"count":47,"href":"https:\/\/www.sp11bedzin.edu.pl\/index.php\/wp-json\/wp\/v2\/pages\/5976\/revisions"}],"predecessor-version":[{"id":21191,"href":"https:\/\/www.sp11bedzin.edu.pl\/index.php\/wp-json\/wp\/v2\/pages\/5976\/revisions\/21191"}],"wp:attachment":[{"href":"https:\/\/www.sp11bedzin.edu.pl\/index.php\/wp-json\/wp\/v2\/media?parent=5976"}],"curies":[{"name":"wp","href":"https:\/\/api.w.org\/{rel}","templated":true}]}}