{"id":553,"date":"2020-10-26T09:49:00","date_gmt":"2020-10-26T09:49:00","guid":{"rendered":"https:\/\/www.sp11bedzin.edu.pl\/?page_id=553"},"modified":"2026-04-14T21:01:35","modified_gmt":"2026-04-14T21:01:35","slug":"obiady","status":"publish","type":"page","link":"https:\/\/www.sp11bedzin.edu.pl\/index.php\/obiady\/","title":{"rendered":"Obiady"},"content":{"rendered":"\t\t<div data-elementor-type=\"wp-page\" data-elementor-id=\"553\" class=\"elementor elementor-553\">\n\t\t\t\t\t\t<section class=\"elementor-section elementor-top-section elementor-element elementor-element-fa52409 elementor-section-boxed elementor-section-height-default elementor-section-height-default\" data-id=\"fa52409\" data-element_type=\"section\" data-e-type=\"section\">\n\t\t\t\t\t\t<div class=\"elementor-container elementor-column-gap-default\">\n\t\t\t\t\t<div class=\"elementor-column elementor-col-100 elementor-top-column elementor-element elementor-element-1bd5ec4\" data-id=\"1bd5ec4\" data-element_type=\"column\" data-e-type=\"column\">\n\t\t\t<div class=\"elementor-widget-wrap elementor-element-populated\">\n\t\t\t\t\t\t<div class=\"elementor-element elementor-element-8423e6e elementor-tabs-view-vertical elementor-widget elementor-widget-tabs\" data-id=\"8423e6e\" data-element_type=\"widget\" data-e-type=\"widget\" data-widget_type=\"tabs.default\">\n\t\t\t\t<div class=\"elementor-widget-container\">\n\t\t\t\t\t\t\t<div class=\"elementor-tabs\">\n\t\t\t<div class=\"elementor-tabs-wrapper\" role=\"tablist\" >\n\t\t\t\t\t\t\t\t\t<div id=\"elementor-tab-title-1381\" class=\"elementor-tab-title elementor-tab-desktop-title\" aria-selected=\"true\" data-tab=\"1\" role=\"tab\" tabindex=\"0\" aria-controls=\"elementor-tab-content-1381\" aria-expanded=\"false\">Sto\u0142\u00f3wka szkolna<\/div>\n\t\t\t\t\t\t\t\t\t<div id=\"elementor-tab-title-1382\" class=\"elementor-tab-title elementor-tab-desktop-title\" aria-selected=\"false\" data-tab=\"2\" role=\"tab\" tabindex=\"-1\" aria-controls=\"elementor-tab-content-1382\" aria-expanded=\"false\">Jad\u0142ospis<\/div>\n\t\t\t\t\t\t\t\t\t<div id=\"elementor-tab-title-1383\" class=\"elementor-tab-title elementor-tab-desktop-title\" aria-selected=\"false\" data-tab=\"3\" role=\"tab\" tabindex=\"-1\" aria-controls=\"elementor-tab-content-1383\" aria-expanded=\"false\">Koszty posi\u0142k\u00f3w<\/div>\n\t\t\t\t\t\t\t\t\t<div id=\"elementor-tab-title-1384\" class=\"elementor-tab-title elementor-tab-desktop-title\" aria-selected=\"false\" data-tab=\"4\" role=\"tab\" tabindex=\"-1\" aria-controls=\"elementor-tab-content-1384\" aria-expanded=\"false\">Wp\u0142aty za \u017cywienie dziecka<\/div>\n\t\t\t\t\t\t\t\t\t<div id=\"elementor-tab-title-1385\" class=\"elementor-tab-title elementor-tab-desktop-title\" aria-selected=\"false\" data-tab=\"5\" role=\"tab\" tabindex=\"-1\" aria-controls=\"elementor-tab-content-1385\" aria-expanded=\"false\">Alergeny w wyst\u0119puj\u0105cych produktach<\/div>\n\t\t\t\t\t\t\t\t\t<div id=\"elementor-tab-title-1386\" class=\"elementor-tab-title elementor-tab-desktop-title\" aria-selected=\"false\" data-tab=\"6\" role=\"tab\" tabindex=\"-1\" aria-controls=\"elementor-tab-content-1386\" aria-expanded=\"false\">Godziny wydawania obiad\u00f3w<\/div>\n\t\t\t\t\t\t\t\t\t<div id=\"elementor-tab-title-1387\" class=\"elementor-tab-title elementor-tab-desktop-title\" aria-selected=\"false\" data-tab=\"7\" role=\"tab\" tabindex=\"-1\" aria-controls=\"elementor-tab-content-1387\" aria-expanded=\"false\">Procedura post\u0119powania w przypadku zatrucia pokarmowego w SP11<\/div>\n\t\t\t\t\t\t\t<\/div>\n\t\t\t<div class=\"elementor-tabs-content-wrapper\" role=\"tablist\" aria-orientation=\"vertical\">\n\t\t\t\t\t\t\t\t\t<div class=\"elementor-tab-title elementor-tab-mobile-title\" aria-selected=\"true\" data-tab=\"1\" role=\"tab\" tabindex=\"0\" aria-controls=\"elementor-tab-content-1381\" aria-expanded=\"false\">Sto\u0142\u00f3wka szkolna<\/div>\n\t\t\t\t\t<div id=\"elementor-tab-content-1381\" class=\"elementor-tab-content elementor-clearfix\" data-tab=\"1\" role=\"tabpanel\" aria-labelledby=\"elementor-tab-title-1381\" tabindex=\"0\" hidden=\"false\"><p><span style=\"color: #000000;\"><img fetchpriority=\"high\" decoding=\"async\" class=\"size-medium wp-image-2974 aligncenter\" src=\"https:\/\/www.sp11bedzin.edu.pl\/wp-content\/uploads\/2021\/04\/szkolna-stolowka-zaprasza-male-278x300.jpg\" alt=\"\" width=\"278\" height=\"300\" srcset=\"https:\/\/www.sp11bedzin.edu.pl\/wp-content\/uploads\/2021\/04\/szkolna-stolowka-zaprasza-male-278x300.jpg 278w, https:\/\/www.sp11bedzin.edu.pl\/wp-content\/uploads\/2021\/04\/szkolna-stolowka-zaprasza-male.jpg 280w\" sizes=\"(max-width: 278px) 100vw, 278px\" \/><\/span><\/p><p style=\"text-align: center;\"><span style=\"color: #000000;\">Sto\u0142\u00f3wka szkolna Szko\u0142y Podstawowej nr 11 w B\u0119dzinie poleca <br \/><strong>dwudaniowe obiady (zupa i\u00a0drugie danie)<\/strong> dla klas I-VIII <br \/>oraz ca\u0142odniowe wy\u017cywienie (\u015bniadanie, obiad, podwieczorek dla oddzia\u0142u przedszkolnego. <br \/>Wszystkie dania przygotowywane s\u0105 na miejscu przez pracownik\u00f3w kuchni, wedle norm \u017cywienia <br \/>oraz warto\u015bci kalorycznej dobranej \u015bci\u015ble do wieku dzieci.<\/span><\/p><\/div>\n\t\t\t\t\t\t\t\t\t<div class=\"elementor-tab-title elementor-tab-mobile-title\" aria-selected=\"false\" data-tab=\"2\" role=\"tab\" tabindex=\"-1\" aria-controls=\"elementor-tab-content-1382\" aria-expanded=\"false\">Jad\u0142ospis<\/div>\n\t\t\t\t\t<div id=\"elementor-tab-content-1382\" class=\"elementor-tab-content elementor-clearfix\" data-tab=\"2\" role=\"tabpanel\" aria-labelledby=\"elementor-tab-title-1382\" tabindex=\"0\" hidden=\"hidden\"><p><img decoding=\"async\" class=\"alignnone wp-image-21406 size-full\" src=\"https:\/\/www.sp11bedzin.edu.pl\/wp-content\/uploads\/2026\/04\/jadlospis-1.png\" alt=\"\" width=\"728\" height=\"1059\" srcset=\"https:\/\/www.sp11bedzin.edu.pl\/wp-content\/uploads\/2026\/04\/jadlospis-1.png 728w, https:\/\/www.sp11bedzin.edu.pl\/wp-content\/uploads\/2026\/04\/jadlospis-1-206x300.png 206w, https:\/\/www.sp11bedzin.edu.pl\/wp-content\/uploads\/2026\/04\/jadlospis-1-704x1024.png 704w\" sizes=\"(max-width: 728px) 100vw, 728px\" \/><\/p><p><span style=\"color: #000000;\">\u00a0<\/span><\/p><\/div>\n\t\t\t\t\t\t\t\t\t<div class=\"elementor-tab-title elementor-tab-mobile-title\" aria-selected=\"false\" data-tab=\"3\" role=\"tab\" tabindex=\"-1\" aria-controls=\"elementor-tab-content-1383\" aria-expanded=\"false\">Koszty posi\u0142k\u00f3w<\/div>\n\t\t\t\t\t<div id=\"elementor-tab-content-1383\" class=\"elementor-tab-content elementor-clearfix\" data-tab=\"3\" role=\"tabpanel\" aria-labelledby=\"elementor-tab-title-1383\" tabindex=\"0\" hidden=\"hidden\"><p><span style=\"color: #000000;\"><img decoding=\"async\" class=\"size-medium wp-image-3015 aligncenter\" src=\"https:\/\/www.sp11bedzin.edu.pl\/wp-content\/uploads\/2021\/04\/kalk-300x300.jpg\" alt=\"\" width=\"300\" height=\"300\" srcset=\"https:\/\/www.sp11bedzin.edu.pl\/wp-content\/uploads\/2021\/04\/kalk-300x300.jpg 300w, https:\/\/www.sp11bedzin.edu.pl\/wp-content\/uploads\/2021\/04\/kalk-150x150.jpg 150w, https:\/\/www.sp11bedzin.edu.pl\/wp-content\/uploads\/2021\/04\/kalk-768x768.jpg 768w, https:\/\/www.sp11bedzin.edu.pl\/wp-content\/uploads\/2021\/04\/kalk.jpg 800w\" sizes=\"(max-width: 300px) 100vw, 300px\" \/><\/span><\/p><h3 style=\"text-align: center;\"><span style=\"color: #000000;\"><strong>KOSZTY POSI\u0141K\u00d3W<\/strong><\/span><\/h3><p><span style=\"color: #000000;\">Cena posi\u0142k\u00f3w ustalana jest przez Dyrektora Szko\u0142y w porozumieniu z Organem prowadz\u0105cym.<\/span><\/p><p><span style=\"color: #000000;\"><strong>Odp\u0142atno\u015b\u0107 za posi\u0142ki:<\/strong><\/span><\/p><h3><span style=\"color: #000000;\"><strong>KOSZTY POSI\u0141K\u00d3W<\/strong><\/span><\/h3><p><span style=\"color: #000000;\">Cena posi\u0142k\u00f3w ustalana jest przez Dyrektora Szko\u0142y w porozumieniu z Organem prowadz\u0105cym.<\/span><\/p><p><span style=\"color: #000000;\"><strong>Odp\u0142atno\u015b\u0107 za posi\u0142ki:<\/strong><\/span><\/p><p><span style=\"color: #000000;\">W roku szkolnym 2025\/2026 cena obiadu wynosi 5,50 z\u0142.<\/span><\/p><p><span style=\"color: #000000;\"><u>Spos\u00f3b obliczania wysoko\u015bci op\u0142aty:<\/u><\/span><\/p><p><span style=\"color: #000000;\">ilo\u015b\u0107 dni roboczych w miesi\u0105cu x 5,50 z\u0142 = kwota do zap\u0142aty z\u0142<\/span><\/p><p><span style=\"color: #000000;\">np. za 20 dni x 5,50 z\u0142 = 110,00 z\u0142<\/span><\/p><p><span style=\"color: #000000;\"><strong>Posi\u0142ki dla dzieci ucz\u0119szczaj\u0105cych do szko\u0142y w roku szkolny 2025\/2026<br \/>b\u0119d\u0105 wydawane od 4 wrze\u015bnia 2025 r.<\/strong><\/span><\/p><\/div>\n\t\t\t\t\t\t\t\t\t<div class=\"elementor-tab-title elementor-tab-mobile-title\" aria-selected=\"false\" data-tab=\"4\" role=\"tab\" tabindex=\"-1\" aria-controls=\"elementor-tab-content-1384\" aria-expanded=\"false\">Wp\u0142aty za \u017cywienie dziecka<\/div>\n\t\t\t\t\t<div id=\"elementor-tab-content-1384\" class=\"elementor-tab-content elementor-clearfix\" data-tab=\"4\" role=\"tabpanel\" aria-labelledby=\"elementor-tab-title-1384\" tabindex=\"0\" hidden=\"hidden\"><h3><img loading=\"lazy\" decoding=\"async\" class=\"alignnone size-medium wp-image-2978 aligncenter\" src=\"https:\/\/www.sp11bedzin.edu.pl\/wp-content\/uploads\/2021\/04\/ozo-300x193.jpg\" alt=\"\" width=\"300\" height=\"193\" srcset=\"https:\/\/www.sp11bedzin.edu.pl\/wp-content\/uploads\/2021\/04\/ozo-300x193.jpg 300w, https:\/\/www.sp11bedzin.edu.pl\/wp-content\/uploads\/2021\/04\/ozo.jpg 512w\" sizes=\"(max-width: 300px) 100vw, 300px\" \/><\/h3><h3 style=\"text-align: center;\"><span style=\"color: #000000;\"><strong>WP\u0141ATY ZA \u017bYWIENIE DZIECKA<\/strong><\/span><\/h3><p><span style=\"color: #000000;\"><strong>\u00a0<\/strong><\/span><\/p><p><span style=\"color: #000000;\">Wp\u0142aty za \u017cywienie dziecka nale\u017cy dokonywa\u0107 do 10 dnia ka\u017cdego miesi\u0105ca (bezwzgl\u0119dnie nale\u017cy przestrzega\u0107 tego terminu), \u00a0<u>wy\u0142\u0105cznie<\/u> na konto szko\u0142y:<\/span><\/p><p><span style=\"color: #000000;\"><strong>\u00a0<\/strong><\/span><\/p><h3 style=\"text-align: center;\"><span style=\"color: #000000;\"><strong>ING Bank \u015al\u0105ski 46 1050 1227 1000 0023 0093 3534<\/strong><\/span><\/h3><\/div>\n\t\t\t\t\t\t\t\t\t<div class=\"elementor-tab-title elementor-tab-mobile-title\" aria-selected=\"false\" data-tab=\"5\" role=\"tab\" tabindex=\"-1\" aria-controls=\"elementor-tab-content-1385\" aria-expanded=\"false\">Alergeny w wyst\u0119puj\u0105cych produktach<\/div>\n\t\t\t\t\t<div id=\"elementor-tab-content-1385\" class=\"elementor-tab-content elementor-clearfix\" data-tab=\"5\" role=\"tabpanel\" aria-labelledby=\"elementor-tab-title-1385\" tabindex=\"0\" hidden=\"hidden\"><table width=\"775\"><tbody><tr><td colspan=\"2\"><p><img loading=\"lazy\" decoding=\"async\" class=\"size-full wp-image-2983 aligncenter\" src=\"https:\/\/www.sp11bedzin.edu.pl\/wp-content\/uploads\/2021\/04\/alergie.png\" alt=\"\" width=\"225\" height=\"225\" srcset=\"https:\/\/www.sp11bedzin.edu.pl\/wp-content\/uploads\/2021\/04\/alergie.png 225w, https:\/\/www.sp11bedzin.edu.pl\/wp-content\/uploads\/2021\/04\/alergie-150x150.png 150w\" sizes=\"(max-width: 225px) 100vw, 225px\" \/><\/p><h3 style=\"text-align: center;\"><strong><span style=\"color: #000000;\">ALERGENY WYST\u0118PUJ\u0104CE W POSI\u0141KACH<\/span><\/strong><\/h3><\/td><\/tr><tr><td>\u00a0<\/td><\/tr><tr><td><p><span style=\"color: #000000;\">1.\u00a0\u00a0\u00a0\u00a0\u00a0\u00a0 Zbo\u017ca zawieraj\u0105ce gluten.<\/span><\/p><\/td><\/tr><tr><td colspan=\"2\"><p><span style=\"color: #000000;\">2.\u00a0\u00a0\u00a0\u00a0\u00a0\u00a0 Skorupiaki i produkty pochodne.<\/span><\/p><\/td><\/tr><tr><td><p><span style=\"color: #000000;\">3.\u00a0\u00a0\u00a0\u00a0\u00a0\u00a0 Jaja i produkty pochodne.<\/span><\/p><\/td><\/tr><tr><td><p><span style=\"color: #000000;\">4.\u00a0\u00a0\u00a0\u00a0\u00a0\u00a0 Ryby i produkty pochodne.<\/span><\/p><\/td><\/tr><tr><td colspan=\"2\"><p><span style=\"color: #000000;\">5.\u00a0\u00a0\u00a0\u00a0\u00a0\u00a0 Orzechy ziemne, arachidowe i pochodne.<\/span><\/p><\/td><\/tr><tr><td><p><span style=\"color: #000000;\">6.\u00a0\u00a0\u00a0\u00a0\u00a0\u00a0 Soja i pochodne.<\/span><\/p><\/td><\/tr><tr><td><p><span style=\"color: #000000;\">7.\u00a0\u00a0\u00a0\u00a0\u00a0\u00a0 Mleko i produkty pochodne.<\/span><\/p><\/td><\/tr><tr><td colspan=\"2\"><p><span style=\"color: #000000;\">8.\u00a0\u00a0\u00a0\u00a0\u00a0\u00a0 Orzechy tj.: migda\u0142y, orzechy laskowe, w\u0142oskie, pistacje.<\/span><\/p><\/td><\/tr><tr><td><p><span style=\"color: #000000;\">9.\u00a0\u00a0\u00a0\u00a0\u00a0\u00a0 Seler i produkty pochodne.<\/span><\/p><\/td><\/tr><tr><td><p><span style=\"color: #000000;\">10.\u00a0\u00a0 Sezam i produkty pochodne.<\/span><\/p><\/td><\/tr><tr><td><p><span style=\"color: #000000;\">11.\u00a0\u00a0 Dwutlenek siarki.<\/span><\/p><\/td><\/tr><tr><td><p><span style=\"color: #000000;\">12.\u00a0\u00a0 \u0141ubin i pochodne.<\/span><\/p><\/td><\/tr><\/tbody><\/table><\/div>\n\t\t\t\t\t\t\t\t\t<div class=\"elementor-tab-title elementor-tab-mobile-title\" aria-selected=\"false\" data-tab=\"6\" role=\"tab\" tabindex=\"-1\" aria-controls=\"elementor-tab-content-1386\" aria-expanded=\"false\">Godziny wydawania obiad\u00f3w<\/div>\n\t\t\t\t\t<div id=\"elementor-tab-content-1386\" class=\"elementor-tab-content elementor-clearfix\" data-tab=\"6\" role=\"tabpanel\" aria-labelledby=\"elementor-tab-title-1386\" tabindex=\"0\" hidden=\"hidden\"><h3><img loading=\"lazy\" decoding=\"async\" class=\"alignnone size-full wp-image-3011 aligncenter\" src=\"https:\/\/www.sp11bedzin.edu.pl\/wp-content\/uploads\/2021\/04\/jablko.jpg\" alt=\"\" width=\"280\" height=\"180\" \/><\/h3><h3 style=\"text-align: center;\"><span style=\"color: #000000;\"><u>Godziny wydawania posi\u0142k\u00f3w<\/u><\/span><\/h3><p style=\"text-align: center;\">Posi\u0142ki wydawane s\u0105 w godz. 11:30 &#8211; 12:55<\/p><\/div>\n\t\t\t\t\t\t\t\t\t<div class=\"elementor-tab-title elementor-tab-mobile-title\" aria-selected=\"false\" data-tab=\"7\" role=\"tab\" tabindex=\"-1\" aria-controls=\"elementor-tab-content-1387\" aria-expanded=\"false\">Procedura post\u0119powania w przypadku zatrucia pokarmowego w SP11<\/div>\n\t\t\t\t\t<div id=\"elementor-tab-content-1387\" class=\"elementor-tab-content elementor-clearfix\" data-tab=\"7\" role=\"tabpanel\" aria-labelledby=\"elementor-tab-title-1387\" tabindex=\"0\" hidden=\"hidden\"><h2 style=\"text-align: center;\"><a href=\"https:\/\/www.sp11bedzin.edu.pl\/wp-content\/uploads\/2022\/12\/Procedura-zatrucie-SP11.pdf\">Procedura post\u0119powania w przypadku zatrucia w Szkole Podstawowej nr 11 w B\u0119dzinie (pobierz)<\/a><\/h2><\/div>\n\t\t\t\t\t\t\t<\/div>\n\t\t<\/div>\n\t\t\t\t\t\t<\/div>\n\t\t\t\t<\/div>\n\t\t\t\t\t<\/div>\n\t\t<\/div>\n\t\t\t\t\t<\/div>\n\t\t<\/section>\n\t\t\t\t<\/div>\n\t\t","protected":false},"excerpt":{"rendered":"<p>Sto\u0142\u00f3wka szkolna Jad\u0142ospis Koszty posi\u0142k\u00f3w Wp\u0142aty za \u017cywienie dziecka Alergeny w wyst\u0119puj\u0105cych produktach Godziny wydawania obiad\u00f3w Procedura post\u0119powania w przypadku zatrucia pokarmowego w SP11 Sto\u0142\u00f3wka szkolna Sto\u0142\u00f3wka szkolna Szko\u0142y Podstawowej nr 11 w B\u0119dzinie poleca dwudaniowe obiady (zupa i\u00a0drugie danie) dla klas I-VIII oraz ca\u0142odniowe wy\u017cywienie (\u015bniadanie, obiad, podwieczorek dla oddzia\u0142u przedszkolnego. Wszystkie dania przygotowywane&hellip;<\/p>\n","protected":false},"author":1,"featured_media":0,"parent":0,"menu_order":0,"comment_status":"closed","ping_status":"closed","template":"","meta":{"footnotes":""},"class_list":["post-553","page","type-page","status-publish","hentry"],"_links":{"self":[{"href":"https:\/\/www.sp11bedzin.edu.pl\/index.php\/wp-json\/wp\/v2\/pages\/553","targetHints":{"allow":["GET"]}}],"collection":[{"href":"https:\/\/www.sp11bedzin.edu.pl\/index.php\/wp-json\/wp\/v2\/pages"}],"about":[{"href":"https:\/\/www.sp11bedzin.edu.pl\/index.php\/wp-json\/wp\/v2\/types\/page"}],"author":[{"embeddable":true,"href":"https:\/\/www.sp11bedzin.edu.pl\/index.php\/wp-json\/wp\/v2\/users\/1"}],"replies":[{"embeddable":true,"href":"https:\/\/www.sp11bedzin.edu.pl\/index.php\/wp-json\/wp\/v2\/comments?post=553"}],"version-history":[{"count":687,"href":"https:\/\/www.sp11bedzin.edu.pl\/index.php\/wp-json\/wp\/v2\/pages\/553\/revisions"}],"predecessor-version":[{"id":21409,"href":"https:\/\/www.sp11bedzin.edu.pl\/index.php\/wp-json\/wp\/v2\/pages\/553\/revisions\/21409"}],"wp:attachment":[{"href":"https:\/\/www.sp11bedzin.edu.pl\/index.php\/wp-json\/wp\/v2\/media?parent=553"}],"curies":[{"name":"wp","href":"https:\/\/api.w.org\/{rel}","templated":true}]}}