{"id":53,"date":"2020-09-20T17:35:02","date_gmt":"2020-09-20T17:35:02","guid":{"rendered":"http:\/\/sp11bedzin.edu.pl\/?page_id=53"},"modified":"2020-09-27T13:31:29","modified_gmt":"2020-09-27T13:31:29","slug":"integracja","status":"publish","type":"page","link":"https:\/\/www.sp11bedzin.edu.pl\/index.php\/integracja\/","title":{"rendered":"Integracja"},"content":{"rendered":"\t\t<div data-elementor-type=\"wp-page\" data-elementor-id=\"53\" class=\"elementor elementor-53\">\n\t\t\t\t\t\t<section class=\"elementor-section elementor-top-section elementor-element elementor-element-38eb054 elementor-section-boxed elementor-section-height-default elementor-section-height-default\" data-id=\"38eb054\" data-element_type=\"section\" data-e-type=\"section\">\n\t\t\t\t\t\t<div class=\"elementor-container elementor-column-gap-default\">\n\t\t\t\t\t<div class=\"elementor-column elementor-col-100 elementor-top-column elementor-element elementor-element-fda2f23\" data-id=\"fda2f23\" data-element_type=\"column\" data-e-type=\"column\">\n\t\t\t<div class=\"elementor-widget-wrap elementor-element-populated\">\n\t\t\t\t\t\t<div class=\"elementor-element elementor-element-dcb40c3 elementor-widget elementor-widget-text-editor\" data-id=\"dcb40c3\" data-element_type=\"widget\" data-e-type=\"widget\" data-widget_type=\"text-editor.default\">\n\t\t\t\t<div class=\"elementor-widget-container\">\n\t\t\t\t\t\t\t\t\t<p align=\"center\"><b><sub>&#8222;<\/sub>WYBIERAM DLA MOJEGO DZIECKA KLAS\u0118 INTEGRACYJN\u0104!<sup>&#8222;<\/sup><\/b><\/p><p style=\"text-align: center;\"><span style=\"font-family: Verdana; font-size: large;\">\u00a0\u00a0<i>\u00a0\u00a0<span style=\"color: #00c000;\"><b><sub>&#8222;<\/sub>Niech ka\u017c<\/b><\/span><\/i><\/span><i style=\"font-family: Verdana; font-size: large;\"><span style=\"color: #00c000;\"><b>dy z naszych uczni\u00f3w\u00a0<\/b><\/span><\/i><i style=\"font-family: Verdana; font-size: large; letter-spacing: 0px;\"><span style=\"color: #00c000;\"><b>znajdzie jak\u0105\u015b dziedzin\u0119, w kt\u00f3rej\u00a0<\/b><\/span><\/i><i style=\"font-family: Verdana; font-size: large; letter-spacing: 0px;\"><span style=\"color: #00c000;\"><b>b\u0119dzie m\u00f3g\u0142 na chwil\u0119 uzyska\u0107\u00a0<\/b><\/span><\/i><span style=\"letter-spacing: 0px; font-family: Verdana; font-size: large;\"><i><span style=\"color: #00c000;\"><b>przewag\u0119 i <\/b><\/span><\/i><\/span><i style=\"letter-spacing: 0px; font-family: Verdana; font-size: large;\"><span style=\"color: #00c000;\"><b>powodzenie\u2026<sup>&#8222;<\/sup><\/b><\/span><\/i><\/p><p><span style=\"font-family: Verdana;\"><img fetchpriority=\"high\" decoding=\"async\" class=\"size-medium wp-image-312 aligncenter\" style=\"font-family: 'Roboto Condensed', 'Helvetica Neue', helvetica, arial, sans-serif;\" src=\"http:\/\/sp11bedzin.edu.pl\/wp-content\/uploads\/2020\/09\/int-1-300x169.jpg\" alt=\"\" width=\"300\" height=\"169\" srcset=\"https:\/\/www.sp11bedzin.edu.pl\/wp-content\/uploads\/2020\/09\/int-1-300x169.jpg 300w, https:\/\/www.sp11bedzin.edu.pl\/wp-content\/uploads\/2020\/09\/int-1.jpg 638w\" sizes=\"(max-width: 300px) 100vw, 300px\" \/><br \/><\/span><\/p><p align=\"center\">\u00a0<\/p><p class=\"post-by\"><span style=\"font-size: large;\">Bywa, \u017ce rodzic zdrowego dziecka ma mo\u017cliwo\u015b\u0107 wyboru miedzy klas\u0105 typow\u0105 a integracyjn\u0105 i sam nie wie, kt\u00f3r\u0105 wybra\u0107? Maj\u0105c podstawow\u0105 wiedz\u0119 o funkcjonowania takich oddzia\u0142\u00f3w b\u0119dzie m\u00f3g\u0142 bardziej \u015bwiadomie podj\u0105\u0107 decyzj\u0119.<\/span><\/p><p class=\"post-by\"><span style=\"font-size: large;\"><img decoding=\"async\" class=\"size-medium wp-image-314 aligncenter\" src=\"http:\/\/sp11bedzin.edu.pl\/wp-content\/uploads\/2020\/09\/int-5-300x168.jpg\" alt=\"\" width=\"300\" height=\"168\" srcset=\"https:\/\/www.sp11bedzin.edu.pl\/wp-content\/uploads\/2020\/09\/int-5-300x168.jpg 300w, https:\/\/www.sp11bedzin.edu.pl\/wp-content\/uploads\/2020\/09\/int-5.jpg 640w\" sizes=\"(max-width: 300px) 100vw, 300px\" \/><\/span><\/p><p class=\"post-by\"><span style=\"font-size: large;\">\u00a0<\/span><\/p><p class=\"post-by\" align=\"left\"><span style=\"font-size: large;\">Oto kilka informacji o nauce w klasie integracyjnej:<\/span><\/p><h1 style=\"text-align: center;\"><span style=\"color: #317ba4;\"><b><a name=\"Klasa integracyjna\"><\/a>Klasa integracyjna<\/b><\/span><\/h1><ul><li><p class=\"post-by\"><span style=\"font-size: large;\">Oddzia\u0142 licz\u0105cy od 15 do 20 dzieci, w tym 3 \u2013 5 niepe\u0142nosprawnych<\/span><\/p><\/li><li><p class=\"post-by\"><span style=\"font-size: large;\">Dw\u00f3ch pedagog\u00f3w w klasie: nauczyciel prowadz\u0105cy i pedagog wspieraj\u0105cy.<\/span><\/p><\/li><li><p class=\"post-by\"><span style=\"font-size: large;\">Identyczne jak w klasie typowej programy, \u015bwiadectwa, system oceniania itd.<\/span><\/p><\/li><li><p class=\"post-by\"><span style=\"font-size: large;\">Grupa r\u00f3wie\u015bnicza bardzo zr\u00f3\u017cnicowana pod wzgl\u0119dem mo\u017cliwo\u015bci psychofizycznych.<\/span><\/p><\/li><li><p class=\"post-by\"><span style=\"font-size: large;\">Spotkamy uczni\u00f3w z niewyra\u017an\u0105 wymow\u0105, nadpobudliwych, z widocznymi zmianami w obr\u0119bie narz\u0105du ruchu, aparatu artykulacyjnego, z cukrzyc\u0105, epilepsj\u0105 ADHD, autyzmem i innymi deficytami<\/span><\/p><\/li><\/ul><ul><li><p class=\"post-by\"><span style=\"font-size: large;\">Wymagania dydaktyczne dostosowywane s\u0105 do indywidualnych mo\u017cliwo\u015bci ka\u017cdego ucznia<br \/><\/span><\/p><h1 style=\"text-align: center;\"><span style=\"color: #cc0099;\"><b><a name=\"Dla kogo s\u0105 klasy integracyjne\"><\/a>Dla kogo s\u0105 klasy integracyjne?<\/b><\/span><\/h1><p class=\"post-by\" align=\"center\"><span style=\"font-family: Verdana;\"><img decoding=\"async\" class=\"alignnone size-medium wp-image-313\" src=\"http:\/\/sp11bedzin.edu.pl\/wp-content\/uploads\/2020\/09\/int-2-300x169.jpg\" alt=\"\" width=\"300\" height=\"169\" srcset=\"https:\/\/www.sp11bedzin.edu.pl\/wp-content\/uploads\/2020\/09\/int-2-300x169.jpg 300w, https:\/\/www.sp11bedzin.edu.pl\/wp-content\/uploads\/2020\/09\/int-2.jpg 638w\" sizes=\"(max-width: 300px) 100vw, 300px\" \/><\/span><\/p><p class=\"post-by\" align=\"center\"><span style=\"font-family: Verdana;\"><b><span style=\"color: #008000; font-size: large;\">Dla uczni\u00f3w niepe\u0142nosprawnych.<br \/>Ale nie tylko?<\/span><\/b><\/span><\/p><p class=\"post-by\"><span style=\"font-size: large;\">\u00a0\u00a0\u00a0 Z do\u015bwiadczenia wynika, \u017ce wielu rodzic\u00f3w zdrowych dzieci szczeg\u00f3lnie zabiega o zapisanie dziecka w\u0142a\u015bnie do klasy integracyjnej. Dlaczego? Jako powody wymieniaj\u0105 zesp\u00f3\u0142 cech, w kt\u00f3re chcieliby wyposa\u017cy\u0107 swoje dzieci.<br \/>M\u00f3wi\u0105, \u017ce w klasie integracyjnej dzieci naucz\u0105 si\u0119 tolerancji i szacunku dla innych niezale\u017cnie od ich wiedzy, wygl\u0105du i sprawno\u015bci. Chc\u0105 bowiem, by ich dzieci by\u0142y nie tylko asertywne, ale i pe\u0142ne empatii. Dla szko\u0142y takie opinie rodzic\u00f3w starszych uczni\u00f3w s\u0105 najlepsz\u0105 rekomendacj\u0105.<br \/>Rzeczywi\u015bcie w klasie integracyjnej rywalizacja ust\u0119puje wsp\u00f3\u0142pracy. Oczywi\u015bcie, nie znaczy to, \u017ce w zwyk\u0142ej klasie uczniowie nie naucz\u0105 si\u0119 szacunku, tolerancji czy wsp\u00f3\u0142pracy. Ale ta nauka bycia razem b\u0119dzie mia\u0142a zupe\u0142nie inny wymiar. Trzeba jednak pami\u0119ta\u0107, \u017ce klasa integracyjna nie daje zdrowym uczniom \u017cadnych przywilej\u00f3w pr\u00f3cz przywileju wzrastania w r\u00f3\u017cnorodnym \u015brodowisku.<\/span><\/p><h1 style=\"text-align: center;\"><span style=\"color: #cc0099;\"><b><a name=\"Jak wygl\u0105da nauka w klasie integracyjnej\"><\/a>Jak wygl\u0105da nauka w klasie integracyjnej?<\/b><br \/><\/span><\/h1><p class=\"post-by\" style=\"text-align: left;\" align=\"justify\"><span style=\"color: #cc0099;\"><img loading=\"lazy\" decoding=\"async\" class=\"size-medium wp-image-316 aligncenter\" src=\"http:\/\/sp11bedzin.edu.pl\/wp-content\/uploads\/2020\/09\/int-3-300x169.jpg\" alt=\"\" width=\"300\" height=\"169\" srcset=\"https:\/\/www.sp11bedzin.edu.pl\/wp-content\/uploads\/2020\/09\/int-3-300x169.jpg 300w, https:\/\/www.sp11bedzin.edu.pl\/wp-content\/uploads\/2020\/09\/int-3.jpg 638w\" sizes=\"(max-width: 300px) 100vw, 300px\" \/>\u00a0 \u00a0 \u00a0<\/span><br \/><span style=\"font-size: large;\">Nie raz i zdrowe dziecko w\u0142asn\u0105 wygod\u0119 musi po\u015bwi\u0119ci\u0107 na rzecz osoby niepe\u0142nosprawnej. W klasie integracyjnej zawsze trzeba my\u015ble\u0107 o potrzebach i mo\u017cliwo\u015bciach niepe\u0142nosprawnego kolegi czy kole\u017canki, chocia\u017cby planuj\u0105c zawody sportowe, wycieczk\u0119 poza miasto czy do kina lub inne zabawy.<br \/>Dzieci niepe\u0142nosprawne s\u0105 pod opiek\u0105 pedagoga, ale nie znaczy to, \u017ce nie s\u0105 pytane i wywo\u0142ywane do tablicy przez nauczyciela prowadz\u0105cego. Natomiast dzieci zdrowe zawsze mog\u0105 liczy\u0107 na pomoc drugiej pani. Trzeba pami\u0119ta\u0107, \u017ce w klasie integracyjnej ka\u017cdy ucze\u0144 ma takie same prawa i obowi\u0105zki z zastrze\u017ceniem, \u017ce ka\u017cdy jest indywidualno\u015bci\u0105 maj\u0105c\u0105 inne mo\u017cliwo\u015bci psychofizyczne. Dzieci s\u0105 wi\u0119c traktowane indywidualnie co jest do\u015b\u0107 elementarn\u0105 zasad\u0105 w teorii dydaktyki i wychowania, ale w klasie integracyjnej konieczno\u015bci\u0105 i oczywisto\u015bci\u0105.<br \/>W klasach integracyjnych sporo emocji wywo\u0142uje ocenianie. Ka\u017cdy nauczyciel oceniaj\u0105c post\u0119py swoich uczni\u00f3w, ocenia je wed\u0142ug indywidualnych mo\u017cliwo\u015bci dziecka. I dlatego oceny &#8211; tak jak uczniowie nie s\u0105 nigdy por\u00f3wnywane. Musz\u0105 si\u0119 tego nauczy\u0107 i uczniowie i ich rodzice. Problemy niesprawiedliwego oceniania ujawniaj\u0105 si\u0119 szczeg\u00f3lnie na II etapie nauki, bowiem wcze\u015bniej, w klasach m\u0142odszych, uczniowie otrzymuj\u0105 oceny opisowe.<\/span><\/p><p class=\"post-by\" align=\"justify\"><img loading=\"lazy\" decoding=\"async\" class=\"size-medium wp-image-317 aligncenter\" src=\"http:\/\/sp11bedzin.edu.pl\/wp-content\/uploads\/2020\/09\/int-4-300x169.jpg\" alt=\"\" width=\"300\" height=\"169\" srcset=\"https:\/\/www.sp11bedzin.edu.pl\/wp-content\/uploads\/2020\/09\/int-4-300x169.jpg 300w, https:\/\/www.sp11bedzin.edu.pl\/wp-content\/uploads\/2020\/09\/int-4.jpg 638w\" sizes=\"(max-width: 300px) 100vw, 300px\" \/><br \/><span style=\"font-size: large;\">Praca w klasie integracyjnej wymaga \u015bcis\u0142ej wsp\u00f3\u0142pracy pedagoga wspieraj\u0105cego z nauczycielem przedmiotu. Zazwyczaj razem uczestnicz\u0105 w zebraniach z rodzicami, razem wystawiaj\u0105 oceny. Razem te\u017c uk\u0142adaj\u0105 program wychowawczy i profilaktyczny dla swoich uczni\u00f3w. Bywa, \u017ce wsp\u00f3lnie lub zamiennie prowadz\u0105 zaj\u0119cia.<br \/>Rodzic zapisuj\u0105c dziecko do klasy integracyjnej daje mu szans\u0119 nauczenia si\u0119 tolerancji wynikaj\u0105cej nie z poczucia wy\u017cszo\u015bci, nie z lito\u015bci, ale z szacunku i zrozumienia potrzeb drugiego cz\u0142owieka.<br \/>Trzeba pami\u0119ta\u0107, \u017ce edukacja szkolna to zaledwie pocz\u0105tek edukacji obywatelskiej. Starajmy si\u0119, by \u015bwiat dzieci sprawnych i \u015bwiat dzieci niepe\u0142nosprawnych stawa\u0142 si\u0119 bezpiecznym , tolerancyjnym i radosnym.<br \/><\/span><\/p><p align=\"center\"><img loading=\"lazy\" decoding=\"async\" class=\"alignnone size-full wp-image-318\" src=\"http:\/\/sp11bedzin.edu.pl\/wp-content\/uploads\/2020\/09\/wozek.jpg\" alt=\"\" width=\"96\" height=\"108\" \/><\/p><h2 align=\"center\"><span style=\"font-family: Verdana; font-size: large;\"><span style=\"color: #790079;\"><b><sub>&#8222;<\/sub>M\u00d3W DZIECKU, \u017bE JEST DOBRE,<br \/>\u017bE MO\u017bE, \u017bE POTRAFI\u00a0<sup>&#8222;.<\/sup><\/b><br \/><\/span><br \/>\/J. KORCZAK\/<\/span><\/h2><\/li><\/ul>\t\t\t\t\t\t\t\t<\/div>\n\t\t\t\t<\/div>\n\t\t\t\t\t<\/div>\n\t\t<\/div>\n\t\t\t\t\t<\/div>\n\t\t<\/section>\n\t\t\t\t<\/div>\n\t\t","protected":false},"excerpt":{"rendered":"<p>&#8222;WYBIERAM DLA MOJEGO DZIECKA KLAS\u0118 INTEGRACYJN\u0104!&#8222; \u00a0\u00a0\u00a0\u00a0&#8222;Niech ka\u017cdy z naszych uczni\u00f3w\u00a0znajdzie jak\u0105\u015b dziedzin\u0119, w kt\u00f3rej\u00a0b\u0119dzie m\u00f3g\u0142 na chwil\u0119 uzyska\u0107\u00a0przewag\u0119 i powodzenie\u2026&#8222; \u00a0 Bywa, \u017ce rodzic zdrowego dziecka ma mo\u017cliwo\u015b\u0107 wyboru miedzy klas\u0105 typow\u0105 a integracyjn\u0105 i sam nie wie, kt\u00f3r\u0105 wybra\u0107? Maj\u0105c podstawow\u0105 wiedz\u0119 o funkcjonowania takich oddzia\u0142\u00f3w b\u0119dzie m\u00f3g\u0142 bardziej \u015bwiadomie podj\u0105\u0107 decyzj\u0119. \u00a0&hellip;<\/p>\n","protected":false},"author":1,"featured_media":0,"parent":0,"menu_order":0,"comment_status":"closed","ping_status":"closed","template":"","meta":{"footnotes":""},"class_list":["post-53","page","type-page","status-publish","hentry"],"_links":{"self":[{"href":"https:\/\/www.sp11bedzin.edu.pl\/index.php\/wp-json\/wp\/v2\/pages\/53","targetHints":{"allow":["GET"]}}],"collection":[{"href":"https:\/\/www.sp11bedzin.edu.pl\/index.php\/wp-json\/wp\/v2\/pages"}],"about":[{"href":"https:\/\/www.sp11bedzin.edu.pl\/index.php\/wp-json\/wp\/v2\/types\/page"}],"author":[{"embeddable":true,"href":"https:\/\/www.sp11bedzin.edu.pl\/index.php\/wp-json\/wp\/v2\/users\/1"}],"replies":[{"embeddable":true,"href":"https:\/\/www.sp11bedzin.edu.pl\/index.php\/wp-json\/wp\/v2\/comments?post=53"}],"version-history":[{"count":2,"href":"https:\/\/www.sp11bedzin.edu.pl\/index.php\/wp-json\/wp\/v2\/pages\/53\/revisions"}],"predecessor-version":[{"id":319,"href":"https:\/\/www.sp11bedzin.edu.pl\/index.php\/wp-json\/wp\/v2\/pages\/53\/revisions\/319"}],"wp:attachment":[{"href":"https:\/\/www.sp11bedzin.edu.pl\/index.php\/wp-json\/wp\/v2\/media?parent=53"}],"curies":[{"name":"wp","href":"https:\/\/api.w.org\/{rel}","templated":true}]}}