{"id":51,"date":"2020-09-20T17:34:52","date_gmt":"2020-09-20T17:34:52","guid":{"rendered":"http:\/\/sp11bedzin.edu.pl\/?page_id=51"},"modified":"2020-09-27T13:37:36","modified_gmt":"2020-09-27T13:37:36","slug":"patron","status":"publish","type":"page","link":"https:\/\/www.sp11bedzin.edu.pl\/index.php\/patron\/","title":{"rendered":"Patron"},"content":{"rendered":"\t\t<div data-elementor-type=\"wp-page\" data-elementor-id=\"51\" class=\"elementor elementor-51\">\n\t\t\t\t\t\t<section class=\"elementor-section elementor-top-section elementor-element elementor-element-c1e7b1d elementor-section-boxed elementor-section-height-default elementor-section-height-default\" data-id=\"c1e7b1d\" data-element_type=\"section\" data-e-type=\"section\">\n\t\t\t\t\t\t<div class=\"elementor-container elementor-column-gap-default\">\n\t\t\t\t\t<div class=\"elementor-column elementor-col-100 elementor-top-column elementor-element elementor-element-6192fde\" data-id=\"6192fde\" data-element_type=\"column\" data-e-type=\"column\">\n\t\t\t<div class=\"elementor-widget-wrap elementor-element-populated\">\n\t\t\t\t\t\t<div class=\"elementor-element elementor-element-40ba9dc elementor-widget elementor-widget-text-editor\" data-id=\"40ba9dc\" data-element_type=\"widget\" data-e-type=\"widget\" data-widget_type=\"text-editor.default\">\n\t\t\t\t<div class=\"elementor-widget-container\">\n\t\t\t\t\t\t\t\t\t<h1><img decoding=\"async\" class=\"size-full wp-image-326 aligncenter\" src=\"http:\/\/sp11bedzin.edu.pl\/wp-content\/uploads\/2020\/09\/patron.jpg\" alt=\"\" width=\"200\" height=\"191\" \/><\/h1><p class=\"post-by\" align=\"justify\">Urodzi\u0142 si\u0119 17 grudnia 1897 r. w P\u0142ocku. By\u0142 najm\u0142odszym dzieckiem Zofii z Lubowidzkich i Antniego Broniewskiego. Mia\u0142 dwie starsze siostry Zofi\u0119 i Janin\u0119. Dom rodzinny sta\u0142 na p\u0142ockiej skarpie. W ogrodzie za domem r\u00f3s\u0142 kilkusetletni d\u0105b, spod kt\u00f3rego wspaniale by\u0142o wida\u0107 Wis\u0142\u0119 i panoram\u0119 P\u0142ocka. Ojciec pracowa\u0142 jako kasjer w banku. Umar\u0142, kiedy W\u0142adzio mia\u0142 5 lat. Rodzin\u0105 zaopiekowa\u0142 si\u0119 wtedy dziadek, Antoni Lubowidzki &#8211; notariusz p\u0142ockiego s\u0105du. Niestety na kr\u00f3tko. Umar\u0142 trzy lata p\u00f3\u017aniej. Dom odt\u0105d utrzymywa\u0142y matka ( za\u0142o\u017cy\u0142a stancj\u0119 dla uczennic) oraz babcia &#8211; Jadwiga Lubowidzka (dawa\u0142a lekcje gry na fortepianie). W\u0142adek wychowywa\u0142 si\u0119 zatem w domu &#8222;czterech kobiet&#8221; (matka, babka i dwie siostry). One uczy\u0142y go wra\u017cliwo\u015bci na poezj\u0119 i muzyk\u0119, krajobraz i przyrod\u0119, innych ludzi, cudz\u0105 krzywd\u0119&#8230; Matka i babka przekazywa\u0142y mu r\u00f3wnie\u017c tradycje rodzinne. Rodzina Broniewskich piel\u0119gnowa\u0142a wspomnienia powsta\u0144 niepodleg\u0142o\u015bciowych. Dziadek Jan Bonifacy Broniewski bra\u0142 udzia\u0142 w powstaniu listopadowym. Dwaj bracia babki Lubowidzkiej, Walerian i Romuald polegli w powstaniu styczniowym. Ich fotografie wisia\u0142y w pokoju babki. Babka gra\u0142a na fortepianie. W\u0142adzio s\u0142ysza\u0142 pie\u015bni patriotyczne i wiersze, s\u0142ucha\u0142 opowie\u015bci o przodkach, kt\u00f3rzy zgin\u0119li w walce, o wi\u0119\u017aniach, o zes\u0142a\u0144cach na Sybir&#8230;<\/p><p class=\"post-by\" align=\"center\"><img decoding=\"async\" class=\"alignnone size-full wp-image-327\" src=\"http:\/\/sp11bedzin.edu.pl\/wp-content\/uploads\/2020\/09\/broniewski1_small.jpg\" alt=\"\" width=\"100\" height=\"75\" \/><\/p><p class=\"post-by\" align=\"justify\">W 1906 roku rozpocz\u0105\u0142 nauk\u0119 w gimnazjum p\u0142ockim. Szko\u0142a mia\u0142a tradycje patriotyczne i utalentowanych pedagog\u00f3w. Broniewski uczy\u0142 si\u0119 \u015brednio. By\u0142 uczniem zdolnym, lecz niesfornym. Bardziej ni\u017c szkolny program interesowa\u0142y go lektury i dzia\u0142alno\u015b\u0107 w organizacjach niepodleg\u0142o\u015bciowych. Czyta\u0142 \u017beromskiego, Wyspia\u0144skiego, z pami\u0119ci recytowa\u0142 wielkich romantyk\u00f3w. By\u0142 kole\u017ce\u0144ski, weso\u0142y, lubiany przez koleg\u00f3w. Przezywano go &#8222;Kogut&#8221;, bo muzykalny W\u0142adek nie tylko \u0142adnie \u015bpiewa\u0142, gra\u0142 na fortepianie mazurki Chopina, ale te\u017c \u015bwietnie na\u015bladowa\u0142 g\u0142osy ptak\u00f3w ( najlepiej udawa\u0142 mu si\u0119 kogut). Jako ucze\u0144 redagowa\u0142 pismo szkolne &#8222;M\u0142odzi id\u0105&#8221;, odbijane na powielaczu, w kt\u00f3rym zamie\u015bci\u0142 wiele w\u0142asnych prac. W kwietniu 1915 roku wst\u0105pi\u0142 do I Brygady Legion\u00f3w, gdzie przybra\u0142 pseudonim &#8222;Orlika&#8221;. W 1917 roku zosta\u0142 internowany przez Niemc\u00f3w w Szczypiornie. W 1918 roku zda\u0142 jako ekstern matur\u0119, nast\u0119pnie s\u0142u\u017cy\u0142 w wojsku polskim do 1921 roku, dochodz\u0105c do stopnia kapitana. Za swoj\u0105 postaw\u0119 \u017co\u0142niersk\u0105 i odwag\u0119 by\u0142 wielokrotnie odznaczany.<\/p><p class=\"post-by\" align=\"justify\">W latach 1921-1924 studiowa\u0142 filozofi\u0119 i histori\u0119 sztuki na Wydziale Humanistycznym Uniwersytetu Warszawskiego, wys\u0142uchuj\u0105c ponadto wielu wyk\u0142ad\u00f3w z innych dziedzin. Dzia\u0142a\u0142 w Zwi\u0105zku Niezale\u017cnej M\u0142odzie\u017cy Socjalistycznej; po roz\u0142amie w tej organizacji zosta\u0142 w 1923 roku cz\u0142onkiem pierwszego zarz\u0105du ZNMS &#8222;\u017bycie&#8221;, grupuj\u0105cego zar\u00f3wno socjalist\u00f3w, jak i komunist\u00f3w. W okresie studi\u00f3w wyje\u017cd\u017ca\u0142 do Czechos\u0142owacji i Francji. Debiutowa\u0142 w 1925 roku tomem wierszy &#8222;Wiatraki&#8221;, zawieraj\u0105cym utwory zwi\u0105zane z jego do\u015bwiadczeniem i prze\u017cyciami wojennymi, pojawia si\u0119 tu tak\u017ce nuta buntownicza. W wierszu Robotnicy g\u0142osi\u0142, \u017ce &#8222;Dzie\u0144 nam roboczy nasta\u0142&#8221; &#8211; poeta zgodnie ze swymi pogl\u0105dami deklarowa\u0142 si\u0119 jako zwolennik przemian rewolucyjnych. Potwierdza\u0142 to opublikowany wesp\u00f3\u0142 z pisarzami proletariackimi, komunistami Stanis\u0142awem Ryszardem Stande i Witoldem Wandurskim tom wierszy &#8222;Trzy salwy&#8221;, nazwany przez poet\u00f3w &#8211; biuletynem poetyckim. Broniewski opowiada\u0142 si\u0119 za poezj\u0105 proletariack\u0105, zwi\u0105zan\u0105 z klas\u0105 robotnicz\u0105 i jej d\u0105\u017ceniami. Od 1925 roku zacz\u0105\u0142 pracowa\u0107 w redakcji znanego tygodnika literacko &#8211; spo\u0142ecznego &#8222;Wiadomo\u015bci Literackie&#8221;, ale swoje utwory zamieszcza\u0142 w &#8222;D\u017awigni&#8221; i innych pismach.<\/p><p class=\"post-by\" align=\"justify\">W latach 1929-1931 nale\u017ca\u0142 do zespo\u0142u redakcyjnego &#8222;Miesi\u0119cznika Literackiego&#8221;, czasopisma zwi\u0105zanego z obozem lewicy spo\u0142ecznej. W 1931 roku by\u0142 aresztowany razem z dzia\u0142aczami komunistycznymi, m. in. Janem Hemplem, o kt\u00f3rym pisa\u0142 w s\u0142ynnym wierszu &#8222;Magnitogorsk&#8221; albo &#8222;Rozmowa z Janem&#8221;. W 1927 roku ukaza\u0142 si\u0119 nast\u0119pny tom wierszy &#8222;Dymy nad miastem&#8221;, natomiast poemat &#8222;Komuna Paryska&#8221; (1929) zosta\u0142 przez \u00f3wczesne w\u0142adze skonfiskowany. W 1932 roku Broniewski wyda\u0142 s\u0142ynny tom &#8222;Troska i pie\u015b\u0144&#8221;, w kt\u00f3rym zamie\u015bci\u0142 wiele utwor\u00f3w o nieprzemijaj\u0105cym znaczeniu jak &#8222;Elegia na \u015bmier\u0107 Ludwika Wary\u0144skiego&#8221;, &#8222;Zag\u0142\u0119bie D\u0105browskie&#8221;, &#8222;Do towarzysza wi\u0119\u017ania&#8221; czy &#8222;Ksi\u0119\u017cyc ulicy Pawiej&#8221;. Przynios\u0142y mu one s\u0142aw\u0119 poety rewolucyjnego, by\u0142y deklamowane na wiecach i nielegalnych zebraniach robotniczych. W tym samym roku w Zwi\u0105zku Radzieckim ukaza\u0142 si\u0119 wyb\u00f3r wierszy Broniewskiego, kt\u00f3ry w 1934 roku odwiedzi\u0142 Kraj Rad, publikuj\u0105c swoje wra\u017cenia na \u0142amach &#8222;Wiadomo\u015bci Literackich&#8221;. W 1936 roku poeta uczestniczy\u0142 w g\u0142o\u015bnym zje\u017adzie pracownik\u00f3w kultury we Lwowie, gdzie recytowa\u0142 swoje utwory. Jego tom &#8222;Krzyk ostateczny&#8221;, wydany na pocz\u0105tku 1939 roku, by\u0142 ostrze\u017ceniem przed nadci\u0105gaj\u0105c\u0105 wojn\u0105. W kwietniu tego\u017c roku na \u0142amach czasopisma &#8222;Czarno na bia\u0142ym&#8221; Broniewski opublikowa\u0142 &#8222;Bagnet na bro\u0144&#8221;, s\u0142ynny wiersz, przedrukowany nast\u0119pnie przez wiele gazet i czasopism jako wyraz postawy spo\u0142ecze\u0144stwa polskiego wobec gro\u017aby wojny. W 1939 roku kapitan Broniewski nie zosta\u0142 powo\u0142any do wojska. Jak mn\u00f3stwo ludzi zdolnych do noszenia broni pod\u0105\u017cy\u0142 na wsch\u00f3d kraju, licz\u0105c, \u017ce b\u0119dzie m\u00f3g\u0142 walczy\u0107. Pozosta\u0142 w radzieckim Lwowie. W styczniu 1940 roku na skutek fa\u0142szywych doniesie\u0144 zosta\u0142 aresztowany i przebywa\u0142 w wi\u0119zieniu do lipca 1941 roku. W latach 1941-1942 pracowa\u0142 w redakcji czasopisma &#8222;Polska&#8221;, b\u0119d\u0105cego organem ambasady RP. Powo\u0142any do wojska w sierpniu 1942 roku wraz z armi\u0105 Andersa dosta\u0142 si\u0119 przez Persj\u0119 do Iraku. W styczniu 1943 roku, nie mog\u0105c si\u0119 pogodzi\u0107 z \u00f3wczesnymi stosunkami w wojsku, przeszed\u0142 do rezerwy. Do 1945 roku przebywa\u0142 w Jerozolimie gdzie pracowa\u0142 jako redaktor techniczny pisma &#8222;W drodze&#8221;. W 1946 roku wr\u00f3ci\u0142 do kraju. Podczas wojny wyda\u0142 w 1943 roku tom wierszy &#8222;Bagnet na bro\u0144&#8221;, w kt\u00f3rym zgromadzi\u0142 utwory z lat 1939-1943, w tym wiele przedrukowywanych zar\u00f3wno w Wielkiej Brytanii, jak i publikowanych w krajowej tajnej prasie. W 1944 roku ukaza\u0142 si\u0119 jego &#8222;Wyb\u00f3r poezji&#8221;, w nast\u0119pnym roku w Londynie &#8222;Drzewo rozpaczaj\u0105ce&#8221;. Te dwa tomy zosta\u0142y wznowione po powrocie poety do kraju.<\/p><p class=\"post-by\" align=\"center\"><img decoding=\"async\" class=\"alignnone size-full wp-image-328\" src=\"http:\/\/sp11bedzin.edu.pl\/wp-content\/uploads\/2020\/09\/broniewski2_small.jpg\" alt=\"\" width=\"100\" height=\"75\" \/><\/p><p class=\"post-by\" align=\"justify\">Broniewski po kr\u00f3tkim pobycie w \u0141odzi przeni\u00f3s\u0142 si\u0119 do Warszawy i zamieszka\u0142 w Alei R\u00f3\u017c, a p\u00f3\u017aniej w ofiarowanej mu przez pa\u0144stwo willi przy ul. Jaros\u0142awa D\u0105browskiego 51, gdzie dzisiaj mie\u015bci si\u0119 jego muzeum. Od 1946 roku zacz\u0119\u0142y si\u0119 ukazywa\u0107 jego &#8222;Wiersze zebrane&#8221; czy &#8222;Wiersze wybrane&#8221; w olbrzymich nak\u0142adach, maj\u0105ce wiele wyda\u0144. Poeta og\u0142osi\u0142 tak\u017ce &#8222;Komun\u0119 Parysk\u0105&#8221; (1947), kt\u00f3ra przed wojn\u0105 nie mog\u0142a si\u0119 doczeka\u0107 publikacji. W 1949 roku wyda\u0142 poemat &#8222;S\u0142owo o Stalinie&#8221;, w 1951 roku zbi\u00f3r poezji &#8222;Nadzieja&#8221;, w 1952 roku &#8222;Mazowsze&#8221; i inne wiersze. Sta\u0142 si\u0119 piewc\u0105 powojennych osi\u0105gni\u0119\u0107 spo\u0142ecznych i pi\u0119kna rodzinnych stron. Otrzyma\u0142 w 1946 roku nagrod\u0119 Centralnej Komisji Zwi\u0105zk\u00f3w Zawodowych miasta \u0141odzi, nagrod\u0119 literack\u0105 m. Warszawy, a w 1950 i 1955 roku nagrod\u0119 pa\u0144stwow\u0105 I stopnia za ca\u0142okszta\u0142t tw\u00f3rczo\u015bci literackiej. W 1954 roku prze\u017cy\u0142 bole\u015bnie tragiczn\u0105 \u015bmier\u0107 jedynej c\u00f3rki, czego wyrazem by\u0142 tom wierszy &#8222;Anka&#8221; (1956) przyr\u00f3wnywany w tonacji do &#8222;Tren\u00f3w&#8221; Kochanowskiego. Tuwim napisa\u0142 kiedy\u015b o Broniewskim, \u017ce posiada\u0142 on &#8222;niezwyk\u0142\u0105 zdolno\u015b\u0107 nasycania \u017cycia i walki poezj\u0105, a poezji \u017cyciem i walk\u0105, jak nikt inny w jego pokoleniu i jak paru zaledwie wielkich poet\u00f3w dawniejszych&#8221;.<\/p><p class=\"post-by\" align=\"justify\">Broniewski by\u0142 tak\u017ce wybitnym t\u0142umaczem literatury rosyjskiej i radzieckiej, zar\u00f3wno utwor\u00f3w proz\u0105, jak i oczywi\u015bcie poezji. W 1960 roku wyda\u0142 tom &#8222;Moje przyja\u017anie poetyckie&#8221;; za dzia\u0142alno\u015b\u0107 przek\u0142adow\u0105 otrzyma\u0142 w 1961 roku nagrod\u0119 polskiego PEN Clubu.<\/p><p class=\"post-by\" align=\"justify\">Zmar\u0142 10 lutego 1962 roku w Warszawie; w 1972 roku w P\u0142ocku zosta\u0142 ods\u0142oni\u0119ty pomnik W\u0142adys\u0142awa Broniewskiego.<\/p>\t\t\t\t\t\t\t\t<\/div>\n\t\t\t\t<\/div>\n\t\t\t\t\t<\/div>\n\t\t<\/div>\n\t\t\t\t\t<\/div>\n\t\t<\/section>\n\t\t\t\t<\/div>\n\t\t","protected":false},"excerpt":{"rendered":"<p>Urodzi\u0142 si\u0119 17 grudnia 1897 r. w P\u0142ocku. By\u0142 najm\u0142odszym dzieckiem Zofii z Lubowidzkich i Antniego Broniewskiego. Mia\u0142 dwie starsze siostry Zofi\u0119 i Janin\u0119. Dom rodzinny sta\u0142 na p\u0142ockiej skarpie. W ogrodzie za domem r\u00f3s\u0142 kilkusetletni d\u0105b, spod kt\u00f3rego wspaniale by\u0142o wida\u0107 Wis\u0142\u0119 i panoram\u0119 P\u0142ocka. Ojciec pracowa\u0142 jako kasjer w banku. Umar\u0142, kiedy W\u0142adzio&hellip;<\/p>\n","protected":false},"author":1,"featured_media":0,"parent":0,"menu_order":0,"comment_status":"closed","ping_status":"closed","template":"","meta":{"footnotes":""},"class_list":["post-51","page","type-page","status-publish","hentry"],"_links":{"self":[{"href":"https:\/\/www.sp11bedzin.edu.pl\/index.php\/wp-json\/wp\/v2\/pages\/51","targetHints":{"allow":["GET"]}}],"collection":[{"href":"https:\/\/www.sp11bedzin.edu.pl\/index.php\/wp-json\/wp\/v2\/pages"}],"about":[{"href":"https:\/\/www.sp11bedzin.edu.pl\/index.php\/wp-json\/wp\/v2\/types\/page"}],"author":[{"embeddable":true,"href":"https:\/\/www.sp11bedzin.edu.pl\/index.php\/wp-json\/wp\/v2\/users\/1"}],"replies":[{"embeddable":true,"href":"https:\/\/www.sp11bedzin.edu.pl\/index.php\/wp-json\/wp\/v2\/comments?post=51"}],"version-history":[{"count":3,"href":"https:\/\/www.sp11bedzin.edu.pl\/index.php\/wp-json\/wp\/v2\/pages\/51\/revisions"}],"predecessor-version":[{"id":329,"href":"https:\/\/www.sp11bedzin.edu.pl\/index.php\/wp-json\/wp\/v2\/pages\/51\/revisions\/329"}],"wp:attachment":[{"href":"https:\/\/www.sp11bedzin.edu.pl\/index.php\/wp-json\/wp\/v2\/media?parent=51"}],"curies":[{"name":"wp","href":"https:\/\/api.w.org\/{rel}","templated":true}]}}