{"id":47,"date":"2020-09-20T17:34:31","date_gmt":"2020-09-20T17:34:31","guid":{"rendered":"http:\/\/sp11bedzin.edu.pl\/?page_id=47"},"modified":"2026-02-11T08:43:54","modified_gmt":"2026-02-11T08:43:54","slug":"rodo","status":"publish","type":"page","link":"https:\/\/www.sp11bedzin.edu.pl\/index.php\/rodo\/","title":{"rendered":"RODO"},"content":{"rendered":"\t\t<div data-elementor-type=\"wp-page\" data-elementor-id=\"47\" class=\"elementor elementor-47\">\n\t\t\t\t\t\t<section class=\"elementor-section elementor-top-section elementor-element elementor-element-abcc3be elementor-section-boxed elementor-section-height-default elementor-section-height-default\" data-id=\"abcc3be\" data-element_type=\"section\" data-e-type=\"section\">\n\t\t\t\t\t\t<div class=\"elementor-container elementor-column-gap-default\">\n\t\t\t\t\t<div class=\"elementor-column elementor-col-100 elementor-top-column elementor-element elementor-element-3667b1f\" data-id=\"3667b1f\" data-element_type=\"column\" data-e-type=\"column\">\n\t\t\t<div class=\"elementor-widget-wrap elementor-element-populated\">\n\t\t\t\t\t\t<div class=\"elementor-element elementor-element-e462b8f elementor-widget elementor-widget-text-editor\" data-id=\"e462b8f\" data-element_type=\"widget\" data-e-type=\"widget\" data-widget_type=\"text-editor.default\">\n\t\t\t\t<div class=\"elementor-widget-container\">\n\t\t\t\t\t\t\t\t\t<h1><strong>Regulacje o ochronie danych osobowych<\/strong><\/h1><p>W zwi\u0105zku z art. 13 ust. 1 i ust. 2 Rozporz\u0105dzenia Parlamentu Europejskiego i Rady (UE) 2016\/679 z 27 kwietnia 2016 r. w sprawie ochrony os\u00f3b fizycznych w zwi\u0105zku z przetwarzaniem danych osobowych i w sprawie swobodnego przep\u0142ywu takich danych oraz uchylenia dyrektywy 95\/46\/WE (og\u00f3lne rozporz\u0105dzenie o ochronie danych) (Dz. Urz. UE L z\u00a004.05.2016 r., Nr 119, s. 1) informujemy, i\u017c:<\/p><p><strong>I. Administrator danych.<\/strong><\/p><p style=\"padding-left: 40px;\">Administratorem Pani\/Pana danych osobowych jest\u00a0<strong>Szko\u0142a Podstawowa nr 11 w B\u0119dzinie, 42-500 B\u0119dzin, ul. Broniewskiego 12<\/strong><\/p><p><strong>II. Inspektor ochrony danych.<\/strong><\/p><p style=\"padding-left: 40px;\">Administrator wyznaczy\u0142 Inspektora Ochrony Danych, z kt\u00f3rym mo\u017ce si\u0119 Pani\/Pan skontaktowa\u0107 w sprawach zwi\u0105zanych z ochron\u0105 danych osobowych, w nast\u0119puj\u0105cy spos\u00f3b:<\/p><ol><li>e-mail: wozniakmarek@op.pl<\/li><li>pisemnie na adres siedziby Administratora.<\/li><\/ol><p style=\"font-weight: 400;\"><strong>III.<\/strong>\u00a0<strong>Cele przetwarzania danych osobowych i podstawa prawna.<\/strong><\/p><ol><li>Pani\/Pana dane przetwarzane b\u0119d\u0105 w zwi\u0105zku z realizacj\u0105 zada\u0144 w\u0142asnych b\u0105d\u017a zleconych okre\u015blonych przepisami prawa<em>,<\/em>\u00a0w celu realizacji przys\u0142uguj\u0105cych uprawnie\u0144, b\u0105d\u017a spe\u0142nienia przez\u00a0<strong>Szko\u0142a Podstawowa nr 11 w B\u0119dzinie\u00a0<\/strong>obowi\u0105zk\u00f3w okre\u015blonych przepisami prawa albo jest niezb\u0119dne do wykonania zadania realizowanego w interesie publicznym lub w ramach sprawowania w\u0142adzy publicznej.<\/li><li>Przetwarzanie mo\u017ce by\u0107 r\u00f3wnie\u017c niezb\u0119dne w celu wykonania umowy, kt\u00f3rej Pan\/Pani jest stron\u0105 lub do podj\u0119cia dzia\u0142a\u0144, na Pani\/Pana \u017c\u0105danie, przed zawarciem umowy.<\/li><li>Mog\u0105 r\u00f3wnie\u017c wyst\u0105pi\u0107 przypadki w kt\u00f3rych zostanie Pan\/Pani poproszony\/a o wyra\u017cenie zgody na przetwarzanie danych osobowych w okre\u015blonym celu i zakresie.<\/li><\/ol><p><strong>IV. Odbiorcy danych osobowych.<\/strong><\/p><p style=\"padding-left: 40px;\">W zwi\u0105zku z przetwarzaniem danych w celu wynikaj\u0105cego z przepis\u00f3w prawa, dane osobowe nie b\u0119d\u0105 podlega\u0142y udost\u0119pnieniu podmiotom trzecim. Odbiorcami danych b\u0119d\u0105 tylko instytucje upowa\u017cnione z mocy prawa.<\/p><p><strong>V. Okres przechowywania danych osobowych.<\/strong><\/p><p style=\"padding-left: 40px;\">Dane osobowe przetwarzane przez\u00a0<strong>Szko\u0142a Podstawowa nr 11 w B\u0119dzinie\u00a0<\/strong>przechowywane b\u0119d\u0105 przez okres niezb\u0119dny do realizacji celu dla jakiego zosta\u0142y zebrane oraz zgodnie z terminami archiwizacji okre\u015blonymi przez ustawy kompetencyjne lub ustaw\u0119 z dnia 14 lipca 1983 r. o narodowym zasobie archiwalnym i archiwach (Dz. U. z 2018 r., poz. 217), w tym Rozporz\u0105dzenie Prezesa Rady Ministr\u00f3w z dnia 18 stycznia 2011 r. w sprawie instrukcji kancelaryjnej, jednolitych rzeczowych wykaz\u00f3w akt oraz instrukcji w sprawie organizacji i zakresu dzia\u0142ania archiw\u00f3w zak\u0142adowych. Oznacza to, \u017ce dane osobowe mog\u0105 zosta\u0107 zniszczone po up\u0142ywie od 5 do 50 lat, zale\u017cnie od kategorii archiwalnej danej sprawy.<\/p><p><strong>V. Prawa os\u00f3b, kt\u00f3rych dane dotycz\u0105, dost\u0119pu do danych osobowych.<\/strong><\/p><p>Na zasadach okre\u015blonych przepisami RODO, posiada Pani\/Pan prawo do \u017c\u0105dania od administratora:<\/p><ol><li>dost\u0119pu do tre\u015bci swoich danych osobowych,<\/li><li>sprostowania (poprawiania) swoich danych osobowych,<\/li><li>usuni\u0119cia swoich danych osobowych,<\/li><li>ograniczenia przetwarzania swoich danych osobowych,<\/li><li>przenoszenia swoich danych osobowych,<\/li><li>prawo do wniesienia sprzeciwu wobec przetwarzania Pani\/Pana danych.<\/li><\/ol><p><strong>VII. Prawo do cofni\u0119cia zgody.<\/strong><\/p><ol><li><span style=\"font-weight: 400;\">Tam, gdzie do przetwarzania danych osobowych konieczne jest wyra\u017cenie zgody, zawsze ma Pan\/Pani prawo nie wyrazi\u0107 zgody, a w przypadku jej wcze\u015bniejszego wyra\u017cenia, do cofni\u0119cia zgody.<\/span><\/li><li><span style=\"font-weight: 400;\">W<\/span><span style=\"color: #000000; font-family: inherit; font-size: 24px; letter-spacing: -0.02em;\">ycofanie zgody nie ma wp\u0142ywu na przetwarzanie Pani\/Pana danych do momentu jej wycofania.<\/span><\/li><\/ol><p><strong>VIII. Prawo wniesienia skargi do organu nadzorczego.<\/strong><\/p><p style=\"padding-left: 40px;\">Gdy uzna Pani\/Pan, i\u017c przetwarzanie Pani\/Pana danych osobowych narusza przepisy o\u00a0ochronie danych osobowych, przys\u0142uguje Pani\/Panu prawo do wniesienia skargi do organu nadzorczego, kt\u00f3rym jest Prezes Urz\u0119du Ochrony Danych Osobowych.<\/p><p><strong>IX. Informacja o wymogu\/dobrowolno\u015bci podania danych oraz konsekwencjach niepodania danych osobowych.<\/strong><\/p><ol><li>Podanie przez Pani\u0105\/Pana danych osobowych mo\u017ce by\u0107 wymogiem:<\/li><\/ol><p style=\"padding-left: 40px;\">1)\u00a0ustawowym,<\/p><p style=\"padding-left: 40px;\">2)\u00a0umownym,<\/p><p style=\"padding-left: 40px;\">3)\u00a0warunkiem zawarcia umowy,<\/p><p style=\"padding-left: 40px;\">do kt\u00f3rych podania b\u0119dzie Pani\/Pan zobowi\u0105zana\/y.<\/p><ol start=\"2\"><li>W przypadku, gdy b\u0119dzie istnia\u0142 obowi\u0105zek ustawowy, a nie poda Pani\/Pan swoich danych, nie b\u0119dziemy mogli zrealizowa\u0107 zadania ustawowego, co mo\u017ce skutkowa\u0107 konsekwencjami przewidzianymi przepisami prawa.<\/li><li>W przypadku, gdy b\u0119dzie istnia\u0142 wym\u00f3g umowny, a nie poda Pani\/Pan swoich danych, nie b\u0119dziemy mogli wykona\u0107 takiej umowy.<\/li><li>W przypadku, kiedy podanie danych b\u0119dzie warunkiem zawarcia umowy, a nie poda Pani\/Pan swoich danych, nie b\u0119dziemy mogli zawrze\u0107 takiej umowy.<\/li><\/ol><p><strong>X. Zautomatyzowane podejmowanie decyzji, profilowanie.<\/strong><\/p><p style=\"padding-left: 40px;\">Pani\/Pana dane osobowe nie b\u0119d\u0105 przetwarzane w spos\u00f3b zautomatyzowany i nie b\u0119d\u0105 profilowane.<\/p>\t\t\t\t\t\t\t\t<\/div>\n\t\t\t\t<\/div>\n\t\t\t\t<div class=\"elementor-element elementor-element-48519e8 elementor-widget elementor-widget-text-editor\" data-id=\"48519e8\" data-element_type=\"widget\" data-e-type=\"widget\" data-widget_type=\"text-editor.default\">\n\t\t\t\t<div class=\"elementor-widget-container\">\n\t\t\t\t\t\t\t\t\t<h1>CANVA DLA UCZNI\u00d3W:<\/h1><h1><a href=\"https:\/\/zpe.gov.pl\/\">TUTAJ<\/a><\/h1><h1>\u00a0<\/h1><h1><span style=\"color: #339966;\">DLA 5a g1<\/span><\/h1><p><img fetchpriority=\"high\" decoding=\"async\" class=\"alignnone size-medium wp-image-20996\" src=\"https:\/\/www.sp11bedzin.edu.pl\/wp-content\/uploads\/2026\/02\/jerry-288x300.jpg\" alt=\"\" width=\"288\" height=\"300\" srcset=\"https:\/\/www.sp11bedzin.edu.pl\/wp-content\/uploads\/2026\/02\/jerry-288x300.jpg 288w, https:\/\/www.sp11bedzin.edu.pl\/wp-content\/uploads\/2026\/02\/jerry-768x799.jpg 768w, https:\/\/www.sp11bedzin.edu.pl\/wp-content\/uploads\/2026\/02\/jerry.jpg 866w\" sizes=\"(max-width: 288px) 100vw, 288px\" \/><img decoding=\"async\" class=\"alignnone size-medium wp-image-20997\" src=\"https:\/\/www.sp11bedzin.edu.pl\/wp-content\/uploads\/2026\/02\/tom-230x300.jpg\" alt=\"\" width=\"230\" height=\"300\" srcset=\"https:\/\/www.sp11bedzin.edu.pl\/wp-content\/uploads\/2026\/02\/tom-230x300.jpg 230w, https:\/\/www.sp11bedzin.edu.pl\/wp-content\/uploads\/2026\/02\/tom.jpg 424w\" sizes=\"(max-width: 230px) 100vw, 230px\" \/><\/p>\t\t\t\t\t\t\t\t<\/div>\n\t\t\t\t<\/div>\n\t\t\t\t\t<\/div>\n\t\t<\/div>\n\t\t\t\t\t<\/div>\n\t\t<\/section>\n\t\t\t\t<\/div>\n\t\t","protected":false},"excerpt":{"rendered":"<p>Regulacje o ochronie danych osobowych W zwi\u0105zku z art. 13 ust. 1 i ust. 2 Rozporz\u0105dzenia Parlamentu Europejskiego i Rady (UE) 2016\/679 z 27 kwietnia 2016 r. w sprawie ochrony os\u00f3b fizycznych w zwi\u0105zku z przetwarzaniem danych osobowych i w sprawie swobodnego przep\u0142ywu takich danych oraz uchylenia dyrektywy 95\/46\/WE (og\u00f3lne rozporz\u0105dzenie o ochronie danych) (Dz.&hellip;<\/p>\n","protected":false},"author":1,"featured_media":0,"parent":0,"menu_order":0,"comment_status":"closed","ping_status":"closed","template":"","meta":{"footnotes":""},"class_list":["post-47","page","type-page","status-publish","hentry"],"_links":{"self":[{"href":"https:\/\/www.sp11bedzin.edu.pl\/index.php\/wp-json\/wp\/v2\/pages\/47","targetHints":{"allow":["GET"]}}],"collection":[{"href":"https:\/\/www.sp11bedzin.edu.pl\/index.php\/wp-json\/wp\/v2\/pages"}],"about":[{"href":"https:\/\/www.sp11bedzin.edu.pl\/index.php\/wp-json\/wp\/v2\/types\/page"}],"author":[{"embeddable":true,"href":"https:\/\/www.sp11bedzin.edu.pl\/index.php\/wp-json\/wp\/v2\/users\/1"}],"replies":[{"embeddable":true,"href":"https:\/\/www.sp11bedzin.edu.pl\/index.php\/wp-json\/wp\/v2\/comments?post=47"}],"version-history":[{"count":461,"href":"https:\/\/www.sp11bedzin.edu.pl\/index.php\/wp-json\/wp\/v2\/pages\/47\/revisions"}],"predecessor-version":[{"id":21151,"href":"https:\/\/www.sp11bedzin.edu.pl\/index.php\/wp-json\/wp\/v2\/pages\/47\/revisions\/21151"}],"wp:attachment":[{"href":"https:\/\/www.sp11bedzin.edu.pl\/index.php\/wp-json\/wp\/v2\/media?parent=47"}],"curies":[{"name":"wp","href":"https:\/\/api.w.org\/{rel}","templated":true}]}}