{"id":461,"date":"2020-10-13T19:06:34","date_gmt":"2020-10-13T19:06:34","guid":{"rendered":"http:\/\/sp11bedzin.edu.pl\/?page_id=461"},"modified":"2022-04-08T18:39:57","modified_gmt":"2022-04-08T18:39:57","slug":"samorzad-uczniowski","status":"publish","type":"page","link":"https:\/\/www.sp11bedzin.edu.pl\/index.php\/samorzad-uczniowski\/","title":{"rendered":"Samorz\u0105d Uczniowski"},"content":{"rendered":"\t\t<div data-elementor-type=\"wp-page\" data-elementor-id=\"461\" class=\"elementor elementor-461\">\n\t\t\t\t\t\t<section class=\"elementor-section elementor-top-section elementor-element elementor-element-bb224dd elementor-section-boxed elementor-section-height-default elementor-section-height-default\" data-id=\"bb224dd\" data-element_type=\"section\" data-e-type=\"section\">\n\t\t\t\t\t\t<div class=\"elementor-container elementor-column-gap-default\">\n\t\t\t\t\t<div class=\"elementor-column elementor-col-100 elementor-top-column elementor-element elementor-element-51d6335\" data-id=\"51d6335\" data-element_type=\"column\" data-e-type=\"column\">\n\t\t\t<div class=\"elementor-widget-wrap elementor-element-populated\">\n\t\t\t\t\t\t<div class=\"elementor-element elementor-element-964a6ef elementor-widget elementor-widget-text-editor\" data-id=\"964a6ef\" data-element_type=\"widget\" data-e-type=\"widget\" data-widget_type=\"text-editor.default\">\n\t\t\t\t<div class=\"elementor-widget-container\">\n\t\t\t\t\t\t\t\t\t<p><span style=\"color: #000000;\"><strong><em>CZYM JEST SAMORZ\u0104D?<\/em><\/strong><\/span><\/p><p><span style=\"color: #000000;\"><strong>Samorz\u0105d uczniowski tworz\u0105 wszyscy uczniowie szko\u0142y.<\/strong>\u00a0Ustawa o systemie o\u015bwiaty (uchwalone przez Sejm prawo reguluj\u0105ce zasady funkcjonowania o\u015bwiaty) &#8211; m\u00f3wi, \u017ce\u00a0<em>Samorz\u0105d tworz\u0105 wszyscy uczniowie szko\u0142y<\/em>\u00a0(art. 55).\u00a0<strong>Cz\u0142onkiem samorz\u0105du uczniowskiego stajemy si\u0119 automatycznie w chwili przyj\u0119cia do szko\u0142y<\/strong>. Przestajemy nim by\u0107 w momencie, gdy szko\u0142\u0119 opuszczamy.<\/span><\/p><p><span style=\"color: #000000;\"><strong>\u00a0<\/strong><\/span><\/p><p><span style=\"color: #000000;\"><strong>Samorz\u0105d uczniowski jest organizacj\u0105 dzia\u0142aj\u0105ca na rzecz uczni\u00f3w i zarz\u0105dzan\u0105 przez uczni\u00f3w<\/strong>. Jest organizacj\u0105 niezale\u017cn\u0105 od administracji o\u015bwiatowej i jakiejkolwiek partii czy ugrupowa\u0144 politycznych. To uczniowie decyduj\u0105, jakimi sprawami samorz\u0105d b\u0119dzie si\u0119 zajmowa\u0142. Dlatego pole dzia\u0142ania samorz\u0105du jest w\u0142a\u015bciwie nieograniczone.<\/span><\/p><p><span style=\"color: #000000;\"><strong>Samorz\u0105d reprezentuje interesy uczni\u00f3w wobec nauczycieli, rodzic\u00f3w, administracji o\u015bwiatowej.<\/strong>\u00a0Samorz\u0105d poprzez swoje dzia\u0142anie wywiera wp\u0142yw na \u017cycie szko\u0142y, mo\u017ce wsp\u00f3\u0142decydowa\u0107 o sprawach jej dotycz\u0105cych. Ustawa o systemie o\u015bwiaty m\u00f3wi, \u017ce\u00a0<em>Samorz\u0105d jest jedynym reprezentantem og\u00f3\u0142u uczni\u00f3w<\/em>.<\/span><\/p><p><span style=\"color: #000000;\"><strong>Samorz\u0105d jest organizacj\u0105 demokratyczn\u0105.<\/strong>\u00a0Uczniowie w spos\u00f3b nieskr\u0119powany wybieraj\u0105 swoich przedstawicieli, mog\u0105 uczestniczy\u0107 w tworzeniu i realizacji programu pracy samorz\u0105du. Daje to ka\u017cdemu uczniowi szans\u0119 znalezienia swojego miejsca w szkole.<\/span><\/p><p><span style=\"color: #000000;\"><strong>W naszej szkole <\/strong>Samorz\u0105d Uczniowski organizuje ciekawe imprezy szkolne, przeprowadza liczne konkursy, kt\u00f3re wzbogacaj\u0105 \u017cycie szko\u0142y. Organizuje r\u00f3wnie\u017c dyskoteki szkolne, na kt\u00f3rych uczniowie \u015bwietnie si\u0119 bawi\u0105. Na\u00a0 bie\u017c\u0105co odpowiada na pro\u015bby o pomoc. Ch\u0119tnie w\u0142\u0105cza si\u0119 w akcje charytatywne. Zach\u0119ca uczni\u00f3w do w\u0142\u0105czania si\u0119 w realizacj\u0119 projekt\u00f3w szkolnych. Cz\u0142onkowie Samorz\u0105du co roku przedstawiaj\u0105 nowe, ciekawe propozycje dzia\u0142a\u0144 i aktywno\u015bci.<\/span><\/p>\t\t\t\t\t\t\t\t<\/div>\n\t\t\t\t<\/div>\n\t\t\t\t<div class=\"elementor-element elementor-element-04af608 elementor-widget elementor-widget-text-editor\" data-id=\"04af608\" data-element_type=\"widget\" data-e-type=\"widget\" data-widget_type=\"text-editor.default\">\n\t\t\t\t<div class=\"elementor-widget-container\">\n\t\t\t\t\t\t\t\t\t<h1 style=\"text-align: center;\"><span style=\"color: #ff0000;\"><strong>Aktywno\u015bci Samorz\u0105du<\/strong><\/span><\/h1>\t\t\t\t\t\t\t\t<\/div>\n\t\t\t\t<\/div>\n\t\t\t\t<div class=\"elementor-element elementor-element-72ea564 elementor-widget elementor-widget-text-editor\" data-id=\"72ea564\" data-element_type=\"widget\" data-e-type=\"widget\" data-widget_type=\"text-editor.default\">\n\t\t\t\t<div class=\"elementor-widget-container\">\n\t\t\t\t\t\t\t\t\t<p><span style=\"color: #000000;\"><strong>Mi\u0119dzynarodowy Dzie\u0144 Postaci z Bajek<\/strong><\/span><\/p><p><span style=\"color: #000000;\">Samorz\u0105d uczniowski zorganizowa\u0142 w naszej szkole Dzie\u0144 Postaci z Bajek w ramach realizowanego w szkole Narodowego Programu Rozwoju Czytelnictwa. W naszej szkole zrobi\u0142o si\u0119 \u00a0bajkowo i\u00a0ba\u015bniowo. A to\u00a0wszystko za\u00a0spraw\u0105 postaci z\u00a0bajek, w\u00a0kt\u00f3re wcielili si\u0119 uczniowie klas 1-3. Bajkowe postacie sprawiaj\u0105, \u017ce\u00a0\u015bwiat dziecka staje si\u0119 weso\u0142y i radosny. Tego dnia u\u015bmiech nie schodzi\u0142 nam z twarzy. Dzi\u0119kujemy wszystkim uczniom za wsp\u00f3ln\u0105 zabaw\u0119.<\/span><\/p><p>\u00a0<\/p>\t\t\t\t\t\t\t\t<\/div>\n\t\t\t\t<\/div>\n\t\t\t\t<div class=\"elementor-element elementor-element-0ff6dc4 elementor-widget elementor-widget-image-gallery\" data-id=\"0ff6dc4\" data-element_type=\"widget\" data-e-type=\"widget\" data-widget_type=\"image-gallery.default\">\n\t\t\t\t<div class=\"elementor-widget-container\">\n\t\t\t\t\t\t\t<div class=\"elementor-image-gallery\">\n\t\t\t\n\t\t<style type=\"text\/css\">\n\t\t\t#gallery-1 {\n\t\t\t\tmargin: auto;\n\t\t\t}\n\t\t\t#gallery-1 .gallery-item {\n\t\t\t\tfloat: left;\n\t\t\t\tmargin-top: 10px;\n\t\t\t\ttext-align: center;\n\t\t\t\twidth: 25%;\n\t\t\t}\n\t\t\t#gallery-1 img {\n\t\t\t\tborder: 2px solid #cfcfcf;\n\t\t\t}\n\t\t\t#gallery-1 .gallery-caption {\n\t\t\t\tmargin-left: 0;\n\t\t\t}\n\t\t\t\/* see gallery_shortcode() in wp-includes\/media.php *\/\n\t\t<\/style>\n\t\t<div id='gallery-1' class='gallery galleryid-461 gallery-columns-4 gallery-size-thumbnail'><dl class='gallery-item'>\n\t\t\t<dt class='gallery-icon portrait'>\n\t\t\t\t<a data-elementor-open-lightbox=\"yes\" data-elementor-lightbox-slideshow=\"0ff6dc4\" data-elementor-lightbox-title=\"bajka9\" data-e-action-hash=\"#elementor-action%3Aaction%3Dlightbox%26settings%3DeyJpZCI6NjQ5NSwidXJsIjoiaHR0cHM6XC9cL3d3dy5zcDExYmVkemluLmVkdS5wbFwvd3AtY29udGVudFwvdXBsb2Fkc1wvMjAyMlwvMDRcL2JhamthOS1zY2FsZWQuanBnIiwic2xpZGVzaG93IjoiMGZmNmRjNCJ9\" href='https:\/\/www.sp11bedzin.edu.pl\/wp-content\/uploads\/2022\/04\/bajka9-scaled.jpg'><img decoding=\"async\" width=\"150\" height=\"150\" src=\"https:\/\/www.sp11bedzin.edu.pl\/wp-content\/uploads\/2022\/04\/bajka9-150x150.jpg\" class=\"attachment-thumbnail size-thumbnail\" alt=\"\" srcset=\"https:\/\/www.sp11bedzin.edu.pl\/wp-content\/uploads\/2022\/04\/bajka9-150x150.jpg 150w, https:\/\/www.sp11bedzin.edu.pl\/wp-content\/uploads\/2022\/04\/bajka9-300x300.jpg 300w\" sizes=\"(max-width: 150px) 100vw, 150px\" \/><\/a>\n\t\t\t<\/dt><\/dl><dl class='gallery-item'>\n\t\t\t<dt class='gallery-icon portrait'>\n\t\t\t\t<a data-elementor-open-lightbox=\"yes\" data-elementor-lightbox-slideshow=\"0ff6dc4\" data-elementor-lightbox-title=\"bajka8\" data-e-action-hash=\"#elementor-action%3Aaction%3Dlightbox%26settings%3DeyJpZCI6NjQ5NCwidXJsIjoiaHR0cHM6XC9cL3d3dy5zcDExYmVkemluLmVkdS5wbFwvd3AtY29udGVudFwvdXBsb2Fkc1wvMjAyMlwvMDRcL2JhamthOC1zY2FsZWQuanBnIiwic2xpZGVzaG93IjoiMGZmNmRjNCJ9\" href='https:\/\/www.sp11bedzin.edu.pl\/wp-content\/uploads\/2022\/04\/bajka8-scaled.jpg'><img decoding=\"async\" width=\"150\" height=\"150\" src=\"https:\/\/www.sp11bedzin.edu.pl\/wp-content\/uploads\/2022\/04\/bajka8-150x150.jpg\" class=\"attachment-thumbnail size-thumbnail\" alt=\"\" srcset=\"https:\/\/www.sp11bedzin.edu.pl\/wp-content\/uploads\/2022\/04\/bajka8-150x150.jpg 150w, https:\/\/www.sp11bedzin.edu.pl\/wp-content\/uploads\/2022\/04\/bajka8-300x300.jpg 300w\" sizes=\"(max-width: 150px) 100vw, 150px\" \/><\/a>\n\t\t\t<\/dt><\/dl><dl class='gallery-item'>\n\t\t\t<dt class='gallery-icon portrait'>\n\t\t\t\t<a data-elementor-open-lightbox=\"yes\" data-elementor-lightbox-slideshow=\"0ff6dc4\" data-elementor-lightbox-title=\"bajka7\" data-e-action-hash=\"#elementor-action%3Aaction%3Dlightbox%26settings%3DeyJpZCI6NjQ5MywidXJsIjoiaHR0cHM6XC9cL3d3dy5zcDExYmVkemluLmVkdS5wbFwvd3AtY29udGVudFwvdXBsb2Fkc1wvMjAyMlwvMDRcL2JhamthNy1zY2FsZWQuanBnIiwic2xpZGVzaG93IjoiMGZmNmRjNCJ9\" href='https:\/\/www.sp11bedzin.edu.pl\/wp-content\/uploads\/2022\/04\/bajka7-scaled.jpg'><img decoding=\"async\" width=\"150\" height=\"150\" src=\"https:\/\/www.sp11bedzin.edu.pl\/wp-content\/uploads\/2022\/04\/bajka7-150x150.jpg\" class=\"attachment-thumbnail size-thumbnail\" alt=\"\" srcset=\"https:\/\/www.sp11bedzin.edu.pl\/wp-content\/uploads\/2022\/04\/bajka7-150x150.jpg 150w, https:\/\/www.sp11bedzin.edu.pl\/wp-content\/uploads\/2022\/04\/bajka7-300x300.jpg 300w\" sizes=\"(max-width: 150px) 100vw, 150px\" \/><\/a>\n\t\t\t<\/dt><\/dl><dl class='gallery-item'>\n\t\t\t<dt class='gallery-icon portrait'>\n\t\t\t\t<a data-elementor-open-lightbox=\"yes\" data-elementor-lightbox-slideshow=\"0ff6dc4\" data-elementor-lightbox-title=\"bajka6\" data-e-action-hash=\"#elementor-action%3Aaction%3Dlightbox%26settings%3DeyJpZCI6NjQ5MiwidXJsIjoiaHR0cHM6XC9cL3d3dy5zcDExYmVkemluLmVkdS5wbFwvd3AtY29udGVudFwvdXBsb2Fkc1wvMjAyMlwvMDRcL2JhamthNi1zY2FsZWQuanBnIiwic2xpZGVzaG93IjoiMGZmNmRjNCJ9\" href='https:\/\/www.sp11bedzin.edu.pl\/wp-content\/uploads\/2022\/04\/bajka6-scaled.jpg'><img loading=\"lazy\" decoding=\"async\" width=\"150\" height=\"150\" src=\"https:\/\/www.sp11bedzin.edu.pl\/wp-content\/uploads\/2022\/04\/bajka6-150x150.jpg\" class=\"attachment-thumbnail size-thumbnail\" alt=\"\" srcset=\"https:\/\/www.sp11bedzin.edu.pl\/wp-content\/uploads\/2022\/04\/bajka6-150x150.jpg 150w, https:\/\/www.sp11bedzin.edu.pl\/wp-content\/uploads\/2022\/04\/bajka6-300x300.jpg 300w\" sizes=\"(max-width: 150px) 100vw, 150px\" \/><\/a>\n\t\t\t<\/dt><\/dl><br style=\"clear: both\" \/><dl class='gallery-item'>\n\t\t\t<dt class='gallery-icon landscape'>\n\t\t\t\t<a data-elementor-open-lightbox=\"yes\" data-elementor-lightbox-slideshow=\"0ff6dc4\" data-elementor-lightbox-title=\"bajka5\" data-e-action-hash=\"#elementor-action%3Aaction%3Dlightbox%26settings%3DeyJpZCI6NjQ5MSwidXJsIjoiaHR0cHM6XC9cL3d3dy5zcDExYmVkemluLmVkdS5wbFwvd3AtY29udGVudFwvdXBsb2Fkc1wvMjAyMlwvMDRcL2JhamthNS5qcGciLCJzbGlkZXNob3ciOiIwZmY2ZGM0In0%3D\" href='https:\/\/www.sp11bedzin.edu.pl\/wp-content\/uploads\/2022\/04\/bajka5.jpg'><img loading=\"lazy\" decoding=\"async\" width=\"150\" height=\"150\" src=\"https:\/\/www.sp11bedzin.edu.pl\/wp-content\/uploads\/2022\/04\/bajka5-150x150.jpg\" class=\"attachment-thumbnail size-thumbnail\" alt=\"\" srcset=\"https:\/\/www.sp11bedzin.edu.pl\/wp-content\/uploads\/2022\/04\/bajka5-150x150.jpg 150w, https:\/\/www.sp11bedzin.edu.pl\/wp-content\/uploads\/2022\/04\/bajka5-300x300.jpg 300w\" sizes=\"(max-width: 150px) 100vw, 150px\" \/><\/a>\n\t\t\t<\/dt><\/dl><dl class='gallery-item'>\n\t\t\t<dt class='gallery-icon portrait'>\n\t\t\t\t<a data-elementor-open-lightbox=\"yes\" data-elementor-lightbox-slideshow=\"0ff6dc4\" data-elementor-lightbox-title=\"bajka4\" data-e-action-hash=\"#elementor-action%3Aaction%3Dlightbox%26settings%3DeyJpZCI6NjQ5MCwidXJsIjoiaHR0cHM6XC9cL3d3dy5zcDExYmVkemluLmVkdS5wbFwvd3AtY29udGVudFwvdXBsb2Fkc1wvMjAyMlwvMDRcL2JhamthNC5qcGciLCJzbGlkZXNob3ciOiIwZmY2ZGM0In0%3D\" href='https:\/\/www.sp11bedzin.edu.pl\/wp-content\/uploads\/2022\/04\/bajka4.jpg'><img loading=\"lazy\" decoding=\"async\" width=\"150\" height=\"150\" src=\"https:\/\/www.sp11bedzin.edu.pl\/wp-content\/uploads\/2022\/04\/bajka4-150x150.jpg\" class=\"attachment-thumbnail size-thumbnail\" alt=\"\" srcset=\"https:\/\/www.sp11bedzin.edu.pl\/wp-content\/uploads\/2022\/04\/bajka4-150x150.jpg 150w, https:\/\/www.sp11bedzin.edu.pl\/wp-content\/uploads\/2022\/04\/bajka4-300x300.jpg 300w\" sizes=\"(max-width: 150px) 100vw, 150px\" \/><\/a>\n\t\t\t<\/dt><\/dl><dl class='gallery-item'>\n\t\t\t<dt class='gallery-icon portrait'>\n\t\t\t\t<a data-elementor-open-lightbox=\"yes\" data-elementor-lightbox-slideshow=\"0ff6dc4\" data-elementor-lightbox-title=\"bajka3\" data-e-action-hash=\"#elementor-action%3Aaction%3Dlightbox%26settings%3DeyJpZCI6NjQ4OSwidXJsIjoiaHR0cHM6XC9cL3d3dy5zcDExYmVkemluLmVkdS5wbFwvd3AtY29udGVudFwvdXBsb2Fkc1wvMjAyMlwvMDRcL2JhamthMy1zY2FsZWQuanBnIiwic2xpZGVzaG93IjoiMGZmNmRjNCJ9\" href='https:\/\/www.sp11bedzin.edu.pl\/wp-content\/uploads\/2022\/04\/bajka3-scaled.jpg'><img loading=\"lazy\" decoding=\"async\" width=\"150\" height=\"150\" src=\"https:\/\/www.sp11bedzin.edu.pl\/wp-content\/uploads\/2022\/04\/bajka3-150x150.jpg\" class=\"attachment-thumbnail size-thumbnail\" alt=\"\" srcset=\"https:\/\/www.sp11bedzin.edu.pl\/wp-content\/uploads\/2022\/04\/bajka3-150x150.jpg 150w, https:\/\/www.sp11bedzin.edu.pl\/wp-content\/uploads\/2022\/04\/bajka3-300x300.jpg 300w\" sizes=\"(max-width: 150px) 100vw, 150px\" \/><\/a>\n\t\t\t<\/dt><\/dl><dl class='gallery-item'>\n\t\t\t<dt class='gallery-icon landscape'>\n\t\t\t\t<a data-elementor-open-lightbox=\"yes\" data-elementor-lightbox-slideshow=\"0ff6dc4\" data-elementor-lightbox-title=\"bajka 2\" data-e-action-hash=\"#elementor-action%3Aaction%3Dlightbox%26settings%3DeyJpZCI6NjQ4OCwidXJsIjoiaHR0cHM6XC9cL3d3dy5zcDExYmVkemluLmVkdS5wbFwvd3AtY29udGVudFwvdXBsb2Fkc1wvMjAyMlwvMDRcL2JhamthLTItc2NhbGVkLmpwZyIsInNsaWRlc2hvdyI6IjBmZjZkYzQifQ%3D%3D\" href='https:\/\/www.sp11bedzin.edu.pl\/wp-content\/uploads\/2022\/04\/bajka-2-scaled.jpg'><img loading=\"lazy\" decoding=\"async\" width=\"150\" height=\"150\" src=\"https:\/\/www.sp11bedzin.edu.pl\/wp-content\/uploads\/2022\/04\/bajka-2-150x150.jpg\" class=\"attachment-thumbnail size-thumbnail\" alt=\"\" srcset=\"https:\/\/www.sp11bedzin.edu.pl\/wp-content\/uploads\/2022\/04\/bajka-2-150x150.jpg 150w, https:\/\/www.sp11bedzin.edu.pl\/wp-content\/uploads\/2022\/04\/bajka-2-300x300.jpg 300w\" sizes=\"(max-width: 150px) 100vw, 150px\" \/><\/a>\n\t\t\t<\/dt><\/dl><br style=\"clear: both\" \/>\n\t\t<\/div>\n\t\t<\/div>\n\t\t\t\t\t\t<\/div>\n\t\t\t\t<\/div>\n\t\t\t\t\t<\/div>\n\t\t<\/div>\n\t\t\t\t\t<\/div>\n\t\t<\/section>\n\t\t\t\t<\/div>\n\t\t","protected":false},"excerpt":{"rendered":"<p>CZYM JEST SAMORZ\u0104D? Samorz\u0105d uczniowski tworz\u0105 wszyscy uczniowie szko\u0142y.\u00a0Ustawa o systemie o\u015bwiaty (uchwalone przez Sejm prawo reguluj\u0105ce zasady funkcjonowania o\u015bwiaty) &#8211; m\u00f3wi, \u017ce\u00a0Samorz\u0105d tworz\u0105 wszyscy uczniowie szko\u0142y\u00a0(art. 55).\u00a0Cz\u0142onkiem samorz\u0105du uczniowskiego stajemy si\u0119 automatycznie w chwili przyj\u0119cia do szko\u0142y. Przestajemy nim by\u0107 w momencie, gdy szko\u0142\u0119 opuszczamy. \u00a0 Samorz\u0105d uczniowski jest organizacj\u0105 dzia\u0142aj\u0105ca na rzecz uczni\u00f3w&hellip;<\/p>\n","protected":false},"author":1,"featured_media":0,"parent":0,"menu_order":0,"comment_status":"closed","ping_status":"closed","template":"","meta":{"footnotes":""},"class_list":["post-461","page","type-page","status-publish","hentry"],"_links":{"self":[{"href":"https:\/\/www.sp11bedzin.edu.pl\/index.php\/wp-json\/wp\/v2\/pages\/461","targetHints":{"allow":["GET"]}}],"collection":[{"href":"https:\/\/www.sp11bedzin.edu.pl\/index.php\/wp-json\/wp\/v2\/pages"}],"about":[{"href":"https:\/\/www.sp11bedzin.edu.pl\/index.php\/wp-json\/wp\/v2\/types\/page"}],"author":[{"embeddable":true,"href":"https:\/\/www.sp11bedzin.edu.pl\/index.php\/wp-json\/wp\/v2\/users\/1"}],"replies":[{"embeddable":true,"href":"https:\/\/www.sp11bedzin.edu.pl\/index.php\/wp-json\/wp\/v2\/comments?post=461"}],"version-history":[{"count":27,"href":"https:\/\/www.sp11bedzin.edu.pl\/index.php\/wp-json\/wp\/v2\/pages\/461\/revisions"}],"predecessor-version":[{"id":6501,"href":"https:\/\/www.sp11bedzin.edu.pl\/index.php\/wp-json\/wp\/v2\/pages\/461\/revisions\/6501"}],"wp:attachment":[{"href":"https:\/\/www.sp11bedzin.edu.pl\/index.php\/wp-json\/wp\/v2\/media?parent=461"}],"curies":[{"name":"wp","href":"https:\/\/api.w.org\/{rel}","templated":true}]}}