{"id":127,"date":"2020-09-20T17:45:18","date_gmt":"2020-09-20T17:45:18","guid":{"rendered":"http:\/\/sp11bedzin.edu.pl\/?page_id=127"},"modified":"2021-09-20T14:51:02","modified_gmt":"2021-09-20T14:51:02","slug":"informacje-dot-covid-19","status":"publish","type":"page","link":"https:\/\/www.sp11bedzin.edu.pl\/index.php\/informacje-dot-covid-19\/","title":{"rendered":"Informacje dot. COVID-19"},"content":{"rendered":"\t\t<div data-elementor-type=\"wp-page\" data-elementor-id=\"127\" class=\"elementor elementor-127\">\n\t\t\t\t\t\t<section class=\"elementor-section elementor-top-section elementor-element elementor-element-fa5e564 elementor-section-boxed elementor-section-height-default elementor-section-height-default\" data-id=\"fa5e564\" data-element_type=\"section\" data-e-type=\"section\">\n\t\t\t\t\t\t<div class=\"elementor-container elementor-column-gap-default\">\n\t\t\t\t\t<div class=\"elementor-column elementor-col-100 elementor-top-column elementor-element elementor-element-a8cafae\" data-id=\"a8cafae\" data-element_type=\"column\" data-e-type=\"column\">\n\t\t\t<div class=\"elementor-widget-wrap elementor-element-populated\">\n\t\t\t\t\t\t<div class=\"elementor-element elementor-element-58065aa elementor-tabs-view-horizontal elementor-widget elementor-widget-tabs\" data-id=\"58065aa\" data-element_type=\"widget\" data-e-type=\"widget\" data-widget_type=\"tabs.default\">\n\t\t\t\t<div class=\"elementor-widget-container\">\n\t\t\t\t\t\t\t<div class=\"elementor-tabs\">\n\t\t\t<div class=\"elementor-tabs-wrapper\" role=\"tablist\" >\n\t\t\t\t\t\t\t\t\t<div id=\"elementor-tab-title-9231\" class=\"elementor-tab-title elementor-tab-desktop-title\" aria-selected=\"true\" data-tab=\"1\" role=\"tab\" tabindex=\"0\" aria-controls=\"elementor-tab-content-9231\" aria-expanded=\"false\">Procedury \/ Za\u0142\u0105czniki \/ Regulaminy<\/div>\n\t\t\t\t\t\t\t\t\t<div id=\"elementor-tab-title-9232\" class=\"elementor-tab-title elementor-tab-desktop-title\" aria-selected=\"false\" data-tab=\"2\" role=\"tab\" tabindex=\"-1\" aria-controls=\"elementor-tab-content-9232\" aria-expanded=\"false\">Apel do rodzic\u00f3w<\/div>\n\t\t\t\t\t\t\t\t\t<div id=\"elementor-tab-title-9233\" class=\"elementor-tab-title elementor-tab-desktop-title\" aria-selected=\"false\" data-tab=\"3\" role=\"tab\" tabindex=\"-1\" aria-controls=\"elementor-tab-content-9233\" aria-expanded=\"false\">Kilka s\u0142\u00f3w od pedagoga<\/div>\n\t\t\t\t\t\t\t<\/div>\n\t\t\t<div class=\"elementor-tabs-content-wrapper\" role=\"tablist\" aria-orientation=\"vertical\">\n\t\t\t\t\t\t\t\t\t<div class=\"elementor-tab-title elementor-tab-mobile-title\" aria-selected=\"true\" data-tab=\"1\" role=\"tab\" tabindex=\"0\" aria-controls=\"elementor-tab-content-9231\" aria-expanded=\"false\">Procedury \/ Za\u0142\u0105czniki \/ Regulaminy<\/div>\n\t\t\t\t\t<div id=\"elementor-tab-content-9231\" class=\"elementor-tab-content elementor-clearfix\" data-tab=\"1\" role=\"tabpanel\" aria-labelledby=\"elementor-tab-title-9231\" tabindex=\"0\" hidden=\"false\"><h2 class=\"MsoNormal\" style=\"margin-bottom: .0001pt;\"><a href=\"https:\/\/www.sp11bedzin.edu.pl\/wp-content\/uploads\/2021\/09\/Wytyczne-MEiN.docx\">Wytyczne MEiN, MZ i GIS dla szk\u00f3\u0142 podstawowych i ponadpodstawowych \u2013 tryb pe\u0142ny stacjonarny 1.09.2021<\/a><\/h2><p><a href=\"https:\/\/www.sp11bedzin.edu.pl\/wp-content\/uploads\/2021\/05\/Procedury-dot.-srodkow-bezpieczenstwa-zwiazanych-z-organizacja-przestrzeni-budnynkow-pomieszczen-w-czasie-gezaminu.docx\">Procedury dot. \u015brodk\u00f3w bezpiecze\u0144stwa zwi\u0105zanych z organizacj\u0105 przestrzeni, budynk\u00f3w, pomieszcze\u0144 w czasie egzaminu zewn\u0119trznego &#8211; \u00f3smoklasisty w SP11 w B\u0119dzinie w czasie epidemii<\/a><\/p><p><a href=\"https:\/\/www.sp11bedzin.edu.pl\/wp-content\/uploads\/2021\/05\/Procedury-bezpieczenstwa-w-dniu-egzaminu.docx\">Procedury bezpiecze\u0144stwa w dniu egzaminu zewn\u0119trznego &#8211; \u00f3smoklasisty w SP11 w B\u0119dzinie w czasie epidemii<\/a><\/p><p><a href=\"https:\/\/www.sp11bedzin.edu.pl\/wp-content\/uploads\/2021\/05\/Procedury-bezpieczenstwa-dot.-osob-bioracych-udzial-w-organizowaniu-egzaminu.docx\">Procedury bezpiecze\u0144stwa dot. os\u00f3b bior\u0105cych udzia\u0142 w organizowaniu egzaminu zewn\u0119trznego &#8211; \u00f3smoklasisty w SP11 w czasie epidemii<\/a><\/p><p><a href=\"https:\/\/www.sp11bedzin.edu.pl\/wp-content\/uploads\/2021\/05\/Procedury-bezpieczenstwa-dot.-zdajacych-egzamin.docx\">Procedury bezpiecze\u0144stwa dot. zdaj\u0105cych egzamin zewn\u0119trzny &#8211; \u00f3smoklasisty w SP11 w czasie epidemii<\/a><\/p><p><a href=\"https:\/\/www.sp11bedzin.edu.pl\/wp-content\/uploads\/2021\/05\/ORGANIZACJA-W-CZASIE-EGZAMINU-OSMOKLASISTY-SP11-BEDZIN.doc\">Organizacja w czasie egzaminu \u00f3smoklasisty<\/a><\/p><p><a href=\"https:\/\/www.sp11bedzin.edu.pl\/wp-content\/uploads\/2021\/05\/Wytyczne_dla_klas_-1-3_SP_-_aktualizacja_4052021-1.pdf\">Wytyczne_dla_klas_ 1-3_SP_-_aktualizacja_4052021<\/a><\/p><p><a href=\"https:\/\/www.sp11bedzin.edu.pl\/wp-content\/uploads\/2021\/02\/MEN-komunikat-Od-1-lutego-najmlodsze-dzieci-ucza-sie-stacjonarnie-uczniowie-pozostalych-klas-maja-nadal-nauke-zdalna.pdf\">MEN komunikat -Od 1 lutego najm\u0142odsze dzieci ucz\u0105 si\u0119 stacjonarnie, uczniowie pozosta\u0142ych klas maj\u0105 nadal nauk\u0119 zdaln\u0105<\/a><\/p><p><a href=\"https:\/\/www.sp11bedzin.edu.pl\/wp-content\/uploads\/2021\/01\/sp11_organizacja_zajec_po_feriach_klasy_1_3.pdf\">SP11 organizacja zaj\u0119\u0107 po feriach klasy 1-3<\/a><\/p><p><a href=\"https:\/\/www.sp11bedzin.edu.pl\/wp-content\/uploads\/2021\/01\/organizacja_nauki_w_szkolach_po_feriach.pdf\">Organizacja nauki w szko\u0142ach po feriach &#8211; Informacja MEN<\/a><\/p><p><a href=\"https:\/\/www.sp11bedzin.edu.pl\/wp-content\/uploads\/2020\/12\/Zmiany-w-funkcjonowaniu-szkol-do-3-01-2021.pdf\">Zmiany w funkcjonowaniu szk\u00f3\u0142 <\/a><\/p><p><a href=\"https:\/\/www.sp11bedzin.edu.pl\/wp-content\/uploads\/2020\/11\/procedury_konsultacje.doc\">Procedury &#8211; konsultacje<\/a><\/p><p><a href=\"https:\/\/www.sp11bedzin.edu.pl\/wp-content\/uploads\/2020\/11\/Zmiany-w-funkcjonowaniu-szkol-listopad-2020.pdf\">Zmiany w funkcjonowaniu szk\u00f3\u0142 &#8211; listopad 2020<\/a><\/p><p><a href=\"http:\/\/sp11bedzin.edu.pl\/wp-content\/uploads\/2020\/10\/bezpieczenstwo_w_szkole_covid_19_wytyczne_miasta_bedzina.pdf\">Bezpiecze\u0144stwo w szkole &#8211; COVID-19 &#8211; wytyczne Miasta B\u0119dzina<\/a><\/p><p><a href=\"http:\/\/sp11bedzin.edu.pl\/wp-content\/uploads\/2020\/10\/oswiadczenie_rodzicow_powrot_do_op.pdf\">O\u015bwiadczenie rodzic\u00f3w &#8211; powr\u00f3t do oddzia\u0142u przedszkolnego<\/a><\/p><p><a href=\"http:\/\/sp11bedzin.edu.pl\/wp-content\/uploads\/2020\/10\/proced_bezp_dot_kontakt_z_rodzicami.pdf\">Procedury bezpiecze\u0144stwa dotycz\u0105ce kontakt\u00f3w z rodzicami<\/a><\/p><p><a href=\"http:\/\/sp11bedzin.edu.pl\/wp-content\/uploads\/2020\/10\/proced_bezp_w_czacie_zagr_epid.pdf\">Procedura bezpiecze\u0144stwa obowi\u0105zuj\u0105ca w czasie zagro\u017cenia epidemicznego w Szkole Podstawowej nr 11 w B\u0119dzinie od 1 wrze\u015bnia 2020 roku<\/a><\/p><p><a href=\"http:\/\/sp11bedzin.edu.pl\/wp-content\/uploads\/2020\/10\/proced_org_zaj_opiek_wych.pdf\">Procedura organizacji zaj\u0119\u0107 opieku\u0144czo-wychowawczych dla uczni\u00f3w Szko\u0142y Podstawowej nr 11 w B\u0119dzinie<\/a><\/p><p><a href=\"http:\/\/sp11bedzin.edu.pl\/wp-content\/uploads\/2020\/10\/proced_postep_podejrz_zak_pracownika.pdf\">Procedura post\u0119powania na wypadek podejrzenia zaka\u017cenia pracownika Szko\u0142y Podstawowej nr 11 w B\u0119dzinie<\/a><\/p><p><a href=\"http:\/\/sp11bedzin.edu.pl\/wp-content\/uploads\/2020\/10\/proced_postep_podejrz_zak_pracownika_oddz_przedszk.pdf\">Procedura post\u0119powania na wypadek podejrzenia zaka\u017cenia u pracownika oddzia\u0142u przedszkolnego Szko\u0142y Podstawowej nr 11 w B\u0119dzinie<\/a><\/p><p><a href=\"http:\/\/sp11bedzin.edu.pl\/wp-content\/uploads\/2020\/10\/proced_postep_podejrz_zak_ucznia.pdf\">Procedura post\u0119powania na wypadek podejrzenia zaka\u017cenia ucznia Szko\u0142y Podstawowej nr 11 w B\u0119dzinie<\/a><\/p><p><a href=\"http:\/\/sp11bedzin.edu.pl\/wp-content\/uploads\/2020\/10\/proced_postep_potw_zakaz_sars_cov_2.pdf\">Procedura post\u0119powania w przypadku potwierdzenia zaka\u017cenia SARS-CoV-2 w Szkole Podstawowej nr 11 w B\u0119dzinie<\/a><\/p><p><a href=\"http:\/\/sp11bedzin.edu.pl\/wp-content\/uploads\/2020\/10\/proced_postep_przypr_odbier_uczniow.pdf\">Procedura post\u0119powania w czasie przyprowadzania\/odbierania uczni\u00f3w Szko\u0142y Podstawowej nr 11 w B\u0119dzinie<\/a><\/p><p><a href=\"http:\/\/sp11bedzin.edu.pl\/wp-content\/uploads\/2020\/10\/proced_postep_przypr_odbier_uczniow_oddz_przedszk-1.pdf\">Procedura post\u0119powania w czasie przyprowadzania \/odbierania dzieci do\/z oddzia\u0142u przedszkolnego Szko\u0142y Podstawowej nr 11 w B\u0119dzinie<\/a><\/p><p><a href=\"http:\/\/sp11bedzin.edu.pl\/wp-content\/uploads\/2020\/10\/proced_postep_utrz_hig_czyst_dezynf_pomieszcz_powierzch.pdf\">Procedura post\u0119powania celem utrzymania higieny, czysto\u015bci, dezynfekcji pomieszcze\u0144 i powierzchni w Szkole Podstawowej nr 11 w B\u0119dzinie<\/a><\/p><p><a href=\"http:\/\/sp11bedzin.edu.pl\/wp-content\/uploads\/2020\/10\/proced_postep_utrz_hig_czyst_dezynf_pomieszcz_powierzch_oddz_przedszk.pdf\">Procedura post\u0119powania celem utrzymania higieny, czysto\u015bci, dezynfekcji pomieszcze\u0144 i powierzchni w oddziale przedszkolnym Szko\u0142y Podstawowej nr 11 w B\u0119dzinie<\/a><\/p><p><a href=\"http:\/\/sp11bedzin.edu.pl\/wp-content\/uploads\/2020\/10\/proced_postep_wydaw_posilkow.pdf\">Procedura post\u0119powania w czasie wydawania posi\u0142k\u00f3w w Szkole Podstawowej nr 11 w B\u0119dzinie<\/a><\/p><p><a href=\"http:\/\/sp11bedzin.edu.pl\/wp-content\/uploads\/2020\/10\/proced_postep_wydaw_posilkow_oddz_przedszk.pdf\">Procedura post\u0119powania w czasie wydawania posi\u0142k\u00f3w w oddziale przedszkolnym Szko\u0142y Podstawowej nr 11 w B\u0119dzinie<\/a><\/p><p><a href=\"http:\/\/sp11bedzin.edu.pl\/wp-content\/uploads\/2020\/10\/proced_prowadzenia_zajec_pozalekcyjnych.pdf\">Procedura prowadzenia zaj\u0119\u0107 pozalekcyjnych dla uczni\u00f3w Szko\u0142y Podstawowej nr 11 w B\u0119dzinie<\/a><\/p><p><a href=\"http:\/\/sp11bedzin.edu.pl\/wp-content\/uploads\/2020\/10\/procedury_bezpieczenstwa_w_bibliotece.pdf\">Regulamin korzystania z biblioteki szkolnej w czasie zagro\u017cenia epidemiologicznego rok szkolny 2020\/2021<\/a><\/p><p><a href=\"http:\/\/sp11bedzin.edu.pl\/wp-content\/uploads\/2020\/10\/wytyczne_dla_oddzial_przedszk_w_czasie_epid.pdf\">Wytyczne dla oddzia\u0142\u00f3w przedszkolnych przy Szkole Podstawowej nr 11 otwartych w czasie epidemii<\/a><\/p><p><a href=\"http:\/\/sp11bedzin.edu.pl\/wp-content\/uploads\/2020\/10\/zal_1_zgoda_badanie_temp.pdf\">Za\u0142\u0105cznik 1 \u2013 Zgoda na pomiar temperatury<\/a><\/p><p><a href=\"http:\/\/sp11bedzin.edu.pl\/wp-content\/uploads\/2020\/10\/zal_1_zgoda_badanie_temp_oddz_przedszk.pdf\">Za\u0142\u0105cznik \u2013 Zgoda na pomiar temperatury oddzia\u0142 przedszkolny<\/a><\/p><p><a href=\"http:\/\/sp11bedzin.edu.pl\/wp-content\/uploads\/2020\/10\/zalacznik_1_wytyczne_dla_oddzial_przedszk_w_czasie_epid.pdf\">Wytyczne dla oddzia\u0142\u00f3w przedszkolnych przy Szkole Podstawowej nr 11 otwartych w czasie epidemii<\/a><\/p><\/div>\n\t\t\t\t\t\t\t\t\t<div class=\"elementor-tab-title elementor-tab-mobile-title\" aria-selected=\"false\" data-tab=\"2\" role=\"tab\" tabindex=\"-1\" aria-controls=\"elementor-tab-content-9232\" aria-expanded=\"false\">Apel do rodzic\u00f3w<\/div>\n\t\t\t\t\t<div id=\"elementor-tab-content-9232\" class=\"elementor-tab-content elementor-clearfix\" data-tab=\"2\" role=\"tabpanel\" aria-labelledby=\"elementor-tab-title-9232\" tabindex=\"0\" hidden=\"hidden\"><p style=\"font-weight: 400;\"><b>Apel do rodzic\u00f3w i uczni\u00f3w<\/b><\/p>\n<p style=\"font-weight: 400;\">W zwi\u0105zku z sytuacj\u0105 wyst\u0119powania koronawirusa w Polsce, w trosce o wsp\u00f3lne bezpiecze\u0144stwo zdrowotne, apelujemy do mieszka\u0144c\u00f3w o przestrzeganie zalece\u0144 Pa\u0144stwowej Inspekcji Sanitarnej i stosowanie si\u0119 do wytycznych s\u0142u\u017cb sanitarnych w zakresie kwarantanny i zasad higieny.<\/p>\n<p style=\"font-weight: 400;\">Prosimy o ograniczenie kontakt\u00f3w towarzyskich i opuszczanie dom\u00f3w jedynie w\u00f3wczas, gdy jest to bezwzgl\u0119dnie konieczne.<\/p>\n<p style=\"font-weight: 400;\">Rekomendujemy by dzieci sw\u00f3j czas bez szko\u0142y lub przedszkola &nbsp;przeznaczy\u0142y na rozw\u00f3j, nauk\u0119, gry i zabawy np. w sieci #online.&nbsp;<\/p>\n<p style=\"font-weight: 400;\">Pozosta\u0144cie w domach. W trosce o bezpiecze\u0144stwo swoje, jak i bliskich. Wsp\u00f3lnie jeste\u015bmy za siebie odpowiedzialni.<\/p>\n<p style=\"font-weight: 400;\">Opr\u00f3cz tego apelujemy, \u017ceby zachowa\u0107 w tym wyj\u0105tkowym okresie specjalne \u015brodki ostro\u017cno\u015bci polegaj\u0105ce na :<\/p>\n<ul>\n<li style=\"font-weight: 400;\">unikaniu plac\u00f3w zabaw;<\/li>\n<li style=\"font-weight: 400;\">unikaniu zat\u0142oczonych miejsc;<\/li>\n<li style=\"font-weight: 400;\">nieorganizowaniu spotka\u0144 towarzyskich, gier i zabaw zespo\u0142owych (r\u00f3wnie\u017c na placach zabaw, osiedlowych piaskownicach czy boiskach);<\/li>\n<li style=\"font-weight: 400;\">niewychodzeniu na spotkania w miejsca, kt\u00f3re sprzyjaj\u0105 gromadzeniu si\u0119 dzieci i m\u0142odzie\u017cy;<\/li>\n<li style=\"font-weight: 400;\">sp\u0119dzaniu najbli\u017cszego okresu przej\u015bciowego w domu;<\/li>\n<\/ul>\n<p style=\"font-weight: 400;\">Lekarze uwa\u017caj\u0105, \u017ce mo\u017cna wyj\u015b\u0107 z dzieckiem na spacer, jest to wr\u0119cz wskazane. Wa\u017cne jednak by unika\u0107 skupisk ludzi. Stara\u0107 si\u0119 niczego nie dotyka\u0107, zw\u0142aszcza urz\u0105dze\u0144 na placach zabaw.<\/p>\n<p style=\"font-weight: 400;\">Prosimy o zachowanie spokoju, razem podejmijmy odpowiednie kroki, kt\u00f3re zabezpiecz\u0105 nas i osoby w naszym otoczeniu przed zaka\u017ceniem.<\/p><\/div>\n\t\t\t\t\t\t\t\t\t<div class=\"elementor-tab-title elementor-tab-mobile-title\" aria-selected=\"false\" data-tab=\"3\" role=\"tab\" tabindex=\"-1\" aria-controls=\"elementor-tab-content-9233\" aria-expanded=\"false\">Kilka s\u0142\u00f3w od pedagoga<\/div>\n\t\t\t\t\t<div id=\"elementor-tab-content-9233\" class=\"elementor-tab-content elementor-clearfix\" data-tab=\"3\" role=\"tabpanel\" aria-labelledby=\"elementor-tab-title-9233\" tabindex=\"0\" hidden=\"hidden\"><p>Szanowni Pa\u0144stwo!<\/p><p>Czas mija, a my nadal tkwimy w tej trudnej nowej dla\u00a0ka\u017cdego z nas sytuacji. Ograniczone \u017cycie publiczne, brak kontaktu z najbli\u017cszymi, rezygnacja z\u00a0pasji, niepewno\u015b\u0107 odno\u015bnie pracy i\u00a0edukacji dzieci. W tym okresie szczeg\u00f3lnie musimy zadba\u0107 o dobr\u0105 atmosfer\u0119 i organizacj\u0119 czasu, tak, by m\u00f3c si\u0119 wywi\u0105zywa\u0107 z\u00a0r\u00f3\u017cnych obowi\u0105zk\u00f3w zawodowych i\u00a0szkolnych, nauczy\u0107 si\u0119 dzieli\u0107 wsp\u00f3ln\u0105 przestrze\u0144 i\u00a0znale\u017a\u0107 w tym wszystkim jeszcze spos\u00f3b, by\u00a0uszanowa\u0107 prawo do\u00a0prywatno\u015bci i zmienne nastroje ka\u017cdego z\u00a0domownik\u00f3w. To ogromne wyzwanie. Dla\u00a0pocieszenia dodam: wierz\u0119, \u017ce to stan przej\u015bciowy, kt\u00f3ry minie. Sytuacja ta wywo\u0142uje w nas napi\u0119cie i\u00a0stres. Dlatego warto pami\u0119ta\u0107 o kilku wskaz\u00f3wkach, by obni\u017cy\u0107 poziom l\u0119ku:<\/p><ol><li>Zadbaj o dawny rytm dnia rodziny, a\u00a0w\u00a0szczeg\u00f3lno\u015bci rytm dzieci:<br \/>&#8211; czas powinien by\u0107 rozdzielony podobnie jak\u00a0w\u00a0czasie, gdy pandemii nie by\u0142o: czas wolny, nauka, obowi\u0105zki domowe. Zadbaj, by nie sp\u0119dza\u0142o wi\u0119kszo\u015bci dnia przed telewizorem czy komputerem.<br \/>&#8211; zachowajmy podobne pory spo\u017cywania posi\u0142k\u00f3w oraz snu \u017ceby nie rozregulowa\u0107 naszego zegara biologicznego,<br \/>&#8211; dobrze, \u017ceby dziecko ubra\u0142o si\u0119 w normalne ubranie (nie wskazane jest chodzenie ca\u0142y dzie\u0144 w pi\u017camie, chyba \u017ce to weekend),<br \/>&#8211; dbajmy o dobr\u0105 atmosfer\u0119, o relacje, nie skupiajmy si\u0119 na drobiazgach, szukajmy porozumienia w tych trudnych dla nas okoliczno\u015bciach.<\/li><li>Unikaj ogl\u0105dania serwis\u00f3w informacyjnych cz\u0119\u015bciej ni\u017c 2 razy dziennie.<br \/>&#8211; Nie dopu\u015b\u0107, by temat koronawirusa by\u0142 g\u0142\u00f3wnym tematem rozm\u00f3w w domu.<br \/>&#8211; Wsp\u00f3lnie sp\u0119dzany czas? Wskazany! Ale ka\u017cdy potrzebuje czasem poby\u0107 sam. To nic z\u0142ego zamkn\u0105\u0107 si\u0119 w pokojach, by troch\u0119 poprzebywa\u0107 w samotno\u015bci, unikniemy dzi\u0119ki temu konflikt\u00f3w mi\u0119dzy sob\u0105.<br \/>&#8211; Je\u015bli to mo\u017cliwe &#8211; \u0142\u0105cz si\u0119 ze znajomymi czy rodzin\u0105 poprzez video rozmowy lub zwyczajnie zatelefonuj do\u00a0kole\u017canki, kolegi.<br \/>&#8211; Odpowiadaj na pytania dziecka (adekwatnie do\u00a0wieku i poziomu rozwoju). Nie pozw\u00f3l, by \u017ar\u00f3d\u0142em wiedzy by\u0142 dla niego jedynie Internet.<\/li><\/ol><p>Oto kilka kontakt\u00f3w &#8211; gdzie mo\u017cna szuka\u0107 pomocy specjalistycznej maj\u0105cej na celu wsparcie w obszarze zdrowia psychicznego:<\/p><ul><li>Bezp\u0142atne wsparcie psychologiczne \u015bwiadczone przez pracownik\u00f3w Centrum Psychiatrii w Katowicach im. dr. Krzysztofa Czumy na rzecz os\u00f3b potrzebuj\u0105cych wsparcia psychologicznego i porady lekarskiej z powodu epidemii i jej skutk\u00f3w.<\/li><li>Bezp\u0142atne wsparcie psychologiczne online w\u00a0sytuacji zagro\u017cenia epidemiologicznego dla\u00a0personelu medycznego, chorych i ich rodzin, dla os\u00f3b obj\u0119tych kwarantann\u0105 oraz\u00a0dla wszystkich prze\u017cywaj\u0105cych kryzys psychiczny oferuje Centrum Psychiatrii w\u00a0Katowicach im. dr. Krzysztofa Czumy.<\/li><li>Grupa wolontariuszy: psychiatrzy, psychologowie i terapeuci stworzyli grup\u0119 wsparcia dla os\u00f3b potrzebuj\u0105cych pomocy psychologicznej w tym trudnym okresie.<\/li><li>Zdaln\u0105 pomoc mo\u017cna uzyska\u0107 od\u00a0poniedzia\u0142ku do soboty poprzez po\u0142\u0105czenia telefoniczne (numery i\u00a0harmonogram poni\u017cej), Skype&#8217;a pod has\u0142em:\u00a0<a href=\"mailto:wsparcie@centrumpsychiatrii.eu\">wsparcie@centrumpsychiatrii.eu<\/a>\u00a0oraz poczt\u0105 elektroniczn\u0105 pod adresem:\u00a0<a href=\"mailto:wsparcie@centrumpsychiatrii.eu\">wsparcie@centrumpsychiatrii.eu<\/a><br \/>Harmonogram dy\u017cur\u00f3w:<br \/>&#8211; Poniedzia\u0142ek godz. 11:00 \u2013 13:00 (psycholog, psychoterapeuta)<br \/>tel. kom. 504 566 135;<br \/>&#8211; Wtorek godz. 9:00 \u2013 11:00 (psycholog, psychoterapeuta) tel. 32 603 85 19 oraz<br \/>godz. 16:00-18:00 (psychiatra, internista, psychoterapeuta) tel. 32 603 84 24;<br \/>&#8211; \u015aroda godz. 9:00 \u2013 11:00 (psycholog, psychoterapeuta) tel. 32 603 8519<br \/>godz. 14:00-17:00 (psycholog, psychoterapeuta) tel. 32 604 84 24;<br \/>&#8211; Czwartek godz. 11:00 \u2013 14:00 p.\u00a0Agnieszka M. (psycholog, psychoterapeuta) godz. 16:00 -18:00 (psychiatra, internista, psychoterapeuta) tel. 32 603 84 24;<br \/>&#8211; Pi\u0105tek godz. 11:00 \u2013 14:00 (psycholog kliniczny) tel. 32 603 84 24;<br \/>&#8211; Sobota godz. 13:00 \u2013 16:00 (psycholog, psychoterapeuta) tel. kom. 509 540 582<br \/>Pomoc w tej formie udzielana b\u0119dzie do\u00a0czasu odwo\u0142ania zabezpiecze\u0144 epidemicznych. Strona Centrum:\u00a0\u00a0<a href=\"http:\/\/www.centrumpsychiatrii.eu\/aktualnosci.php\">www.centrumpsychiatrii.eu\/aktualnosci.php<\/a><\/li><\/ul><p style=\"font-weight: 400;\">Je\u015bli potrzebujecie Pa\u0144stwo dodatkowego wsparcia, oczywi\u015bcie pozostaj\u0119 do Pa\u0144stwa dyspozycji, prosz\u0119\u00a0pisa\u0107 do mnie poprzez edziennik.<\/p><p style=\"font-weight: 400;\">Iwona Tomczyk-Kr\u00f3l pedagog szkolny<\/p><\/div>\n\t\t\t\t\t\t\t<\/div>\n\t\t<\/div>\n\t\t\t\t\t\t<\/div>\n\t\t\t\t<\/div>\n\t\t\t\t<div class=\"elementor-element elementor-element-467c953 elementor-widget elementor-widget-pdf_viewer\" data-id=\"467c953\" data-element_type=\"widget\" data-e-type=\"widget\" data-widget_type=\"pdf_viewer.default\">\n\t\t\t\t<div class=\"elementor-widget-container\">\n\t\t\t\t\t<iframe src=\"https:\/\/docs.google.com\/viewer?url=https:\/\/www.sp11bedzin.edu.pl\/wp-content\/uploads\/2020\/11\/telzauf.pdf&amp;embedded=true\" style=\"display: block; margin-left: auto; margin-right: auto; width: 640px; height: 540px;\" frameborder=\"1\" marginheight=\"0px\" marginwidth=\"0px\" allowfullscreen><\/iframe>\t\t\t\t<\/div>\n\t\t\t\t<\/div>\n\t\t\t\t\t<\/div>\n\t\t<\/div>\n\t\t\t\t\t<\/div>\n\t\t<\/section>\n\t\t\t\t<\/div>\n\t\t","protected":false},"excerpt":{"rendered":"<p>Procedury \/ Za\u0142\u0105czniki \/ Regulaminy Apel do rodzic\u00f3w Kilka s\u0142\u00f3w od pedagoga Procedury \/ Za\u0142\u0105czniki \/ Regulaminy Wytyczne MEiN, MZ i GIS dla szk\u00f3\u0142 podstawowych i ponadpodstawowych \u2013 tryb pe\u0142ny stacjonarny 1.09.2021 Procedury dot. \u015brodk\u00f3w bezpiecze\u0144stwa zwi\u0105zanych z organizacj\u0105 przestrzeni, budynk\u00f3w, pomieszcze\u0144 w czasie egzaminu zewn\u0119trznego &#8211; \u00f3smoklasisty w SP11 w B\u0119dzinie w czasie epidemii&hellip;<\/p>\n","protected":false},"author":1,"featured_media":0,"parent":0,"menu_order":0,"comment_status":"closed","ping_status":"closed","template":"","meta":{"footnotes":""},"class_list":["post-127","page","type-page","status-publish","hentry"],"_links":{"self":[{"href":"https:\/\/www.sp11bedzin.edu.pl\/index.php\/wp-json\/wp\/v2\/pages\/127","targetHints":{"allow":["GET"]}}],"collection":[{"href":"https:\/\/www.sp11bedzin.edu.pl\/index.php\/wp-json\/wp\/v2\/pages"}],"about":[{"href":"https:\/\/www.sp11bedzin.edu.pl\/index.php\/wp-json\/wp\/v2\/types\/page"}],"author":[{"embeddable":true,"href":"https:\/\/www.sp11bedzin.edu.pl\/index.php\/wp-json\/wp\/v2\/users\/1"}],"replies":[{"embeddable":true,"href":"https:\/\/www.sp11bedzin.edu.pl\/index.php\/wp-json\/wp\/v2\/comments?post=127"}],"version-history":[{"count":52,"href":"https:\/\/www.sp11bedzin.edu.pl\/index.php\/wp-json\/wp\/v2\/pages\/127\/revisions"}],"predecessor-version":[{"id":4448,"href":"https:\/\/www.sp11bedzin.edu.pl\/index.php\/wp-json\/wp\/v2\/pages\/127\/revisions\/4448"}],"wp:attachment":[{"href":"https:\/\/www.sp11bedzin.edu.pl\/index.php\/wp-json\/wp\/v2\/media?parent=127"}],"curies":[{"name":"wp","href":"https:\/\/api.w.org\/{rel}","templated":true}]}}