{"id":107,"date":"2020-09-20T17:42:29","date_gmt":"2020-09-20T17:42:29","guid":{"rendered":"http:\/\/sp11bedzin.edu.pl\/?page_id=107"},"modified":"2026-04-27T07:23:36","modified_gmt":"2026-04-27T07:23:36","slug":"rekrutacja-do-szkol-srednich","status":"publish","type":"page","link":"https:\/\/www.sp11bedzin.edu.pl\/index.php\/rekrutacja-do-szkol-srednich\/","title":{"rendered":"Rekrutacja do szk\u00f3\u0142 \u015brednich"},"content":{"rendered":"\t\t<div data-elementor-type=\"wp-page\" data-elementor-id=\"107\" class=\"elementor elementor-107\">\n\t\t\t\t\t\t<section class=\"elementor-section elementor-top-section elementor-element elementor-element-5babf99 elementor-section-boxed elementor-section-height-default elementor-section-height-default\" data-id=\"5babf99\" data-element_type=\"section\" data-e-type=\"section\">\n\t\t\t\t\t\t<div class=\"elementor-container elementor-column-gap-default\">\n\t\t\t\t\t<div class=\"elementor-column elementor-col-100 elementor-top-column elementor-element elementor-element-efa1134\" data-id=\"efa1134\" data-element_type=\"column\" data-e-type=\"column\">\n\t\t\t<div class=\"elementor-widget-wrap elementor-element-populated\">\n\t\t\t\t\t\t<div class=\"elementor-element elementor-element-3b53996 elementor-widget elementor-widget-text-editor\" data-id=\"3b53996\" data-element_type=\"widget\" data-e-type=\"widget\" data-widget_type=\"text-editor.default\">\n\t\t\t\t<div class=\"elementor-widget-container\">\n\t\t\t\t\t\t\t\t\t<h1><span style=\"color: #000000;\">Rekrutacja do szk\u00f3\u0142 \u015brednich na stronie:<\/span><\/h1><h3><a href=\"https:\/\/slaskie.edu.com.pl\/kandydat\/app\/access_locked.xhtml\">https:\/\/slaskie.edu.com.pl\/kandydat\/app\/access_locked.xhtml<\/a><\/h3><h2>\u00a0<\/h2><h2><span style=\"color: #000000;\">Bezp\u0142atne webinarium dla kandydat\u00f3w do szk\u00f3\u0142 ponadpodstawowych i ich Rodzic\u00f3w:<\/span><\/h2><h1><span style=\"color: #ff0000;\">27.04.2026r. godz 17:00 na Youtube<\/span><\/h1><p>link:<\/p><p><iframe title=\"Akcja Rekrutacja 2026. Co nale\u017cy zrobi\u0107, aby dosta\u0107 si\u0119 do wymarzonej szko\u0142y ponadpodstawowej?  cz.1\" width=\"1240\" height=\"698\" src=\"https:\/\/www.youtube.com\/embed\/GB3_kkhNkxQ?feature=oembed\" frameborder=\"0\" allow=\"accelerometer; autoplay; clipboard-write; encrypted-media; gyroscope; picture-in-picture; web-share\" referrerpolicy=\"strict-origin-when-cross-origin\" allowfullscreen><\/iframe><\/p><p>\u00a0<\/p><p>\u00a0<\/p>\t\t\t\t\t\t\t\t<\/div>\n\t\t\t\t<\/div>\n\t\t\t\t\t<\/div>\n\t\t<\/div>\n\t\t\t\t\t<\/div>\n\t\t<\/section>\n\t\t\t\t<\/div>\n\t\t","protected":false},"excerpt":{"rendered":"<p>Rekrutacja do szk\u00f3\u0142 \u015brednich na stronie: https:\/\/slaskie.edu.com.pl\/kandydat\/app\/access_locked.xhtml \u00a0 Bezp\u0142atne webinarium dla kandydat\u00f3w do szk\u00f3\u0142 ponadpodstawowych i ich Rodzic\u00f3w: 27.04.2026r. godz 17:00 na Youtube link: \u00a0 \u00a0<\/p>\n","protected":false},"author":1,"featured_media":0,"parent":0,"menu_order":0,"comment_status":"closed","ping_status":"closed","template":"","meta":{"footnotes":""},"class_list":["post-107","page","type-page","status-publish","hentry"],"_links":{"self":[{"href":"https:\/\/www.sp11bedzin.edu.pl\/index.php\/wp-json\/wp\/v2\/pages\/107","targetHints":{"allow":["GET"]}}],"collection":[{"href":"https:\/\/www.sp11bedzin.edu.pl\/index.php\/wp-json\/wp\/v2\/pages"}],"about":[{"href":"https:\/\/www.sp11bedzin.edu.pl\/index.php\/wp-json\/wp\/v2\/types\/page"}],"author":[{"embeddable":true,"href":"https:\/\/www.sp11bedzin.edu.pl\/index.php\/wp-json\/wp\/v2\/users\/1"}],"replies":[{"embeddable":true,"href":"https:\/\/www.sp11bedzin.edu.pl\/index.php\/wp-json\/wp\/v2\/comments?post=107"}],"version-history":[{"count":28,"href":"https:\/\/www.sp11bedzin.edu.pl\/index.php\/wp-json\/wp\/v2\/pages\/107\/revisions"}],"predecessor-version":[{"id":21694,"href":"https:\/\/www.sp11bedzin.edu.pl\/index.php\/wp-json\/wp\/v2\/pages\/107\/revisions\/21694"}],"wp:attachment":[{"href":"https:\/\/www.sp11bedzin.edu.pl\/index.php\/wp-json\/wp\/v2\/media?parent=107"}],"curies":[{"name":"wp","href":"https:\/\/api.w.org\/{rel}","templated":true}]}}